{"id":1319,"date":"2025-09-22T13:11:13","date_gmt":"2025-09-22T13:11:13","guid":{"rendered":"https:\/\/www.lllf.uam.es\/wordpress\/?page_id=1319"},"modified":"2026-02-17T14:02:00","modified_gmt":"2026-02-17T14:02:00","slug":"inscripcion","status":"publish","type":"page","link":"https:\/\/www.lllf.uam.es\/wordpress\/cilc2026\/inscripcion\/","title":{"rendered":"Inscripci\u00f3n"},"content":{"rendered":"\t\t<div data-elementor-type=\"wp-page\" data-elementor-id=\"1319\" class=\"elementor elementor-1319\">\n\t\t\t\t<div class=\"elementor-element elementor-element-197e2bd e-flex e-con-boxed e-con e-parent\" data-id=\"197e2bd\" data-element_type=\"container\">\n\t\t\t\t\t<div class=\"e-con-inner\">\n\t\t<div class=\"elementor-element elementor-element-dfad5a4 e-con-full e-flex e-con e-child\" data-id=\"dfad5a4\" data-element_type=\"container\">\n\t\t<div class=\"elementor-element elementor-element-319e6be e-con-full e-flex e-con e-child\" data-id=\"319e6be\" data-element_type=\"container\">\n\t\t\t\t<div class=\"elementor-element elementor-element-a3d8d69 elementor-widget elementor-widget-image\" data-id=\"a3d8d69\" data-element_type=\"widget\" data-widget_type=\"image.default\">\n\t\t\t\t<div class=\"elementor-widget-container\">\n\t\t\t\t\t\t\t\t\t\t\t\t\t\t\t<img decoding=\"async\" src=\"https:\/\/www.lllf.uam.es\/wordpress\/wp-content\/uploads\/elementor\/thumbs\/logo-uam-lli@2x-1-qra9ofaausibgyysnvbxkpbcwjjssbmqzarxrhm6c0.png\" title=\"logo-uam-lli@2x\" alt=\"logo-uam-lli@2x\" loading=\"lazy\" \/>\t\t\t\t\t\t\t\t\t\t\t\t\t\t\t<\/div>\n\t\t\t\t<\/div>\n\t\t\t\t<\/div>\n\t\t\t\t<div class=\"elementor-element elementor-element-9b96181 elementor-widget__width-initial elementor-widget-mobile__width-initial elementor-widget elementor-widget-text-editor\" data-id=\"9b96181\" data-element_type=\"widget\" data-widget_type=\"text-editor.default\">\n\t\t\t\t<div class=\"elementor-widget-container\">\n\t\t\t\t\t\t\t\t\t<p><a href=\"https:\/\/www.lllf.uam.es\/wordpress\/en\/cilc2026-en\/registration\/\"><span style=\"text-decoration: underline;\">English<\/span><\/a><\/p>\t\t\t\t\t\t\t\t<\/div>\n\t\t\t\t<\/div>\n\t\t\t\t<\/div>\n\t\t\t\t\t<\/div>\n\t\t\t\t<\/div>\n\t\t<div class=\"elementor-element elementor-element-4c04886 e-flex e-con-boxed e-con e-parent\" data-id=\"4c04886\" data-element_type=\"container\">\n\t\t\t\t\t<div class=\"e-con-inner\">\n\t\t\t\t<div class=\"elementor-element elementor-element-530e784 e-transform elementor-widget elementor-widget-heading\" data-id=\"530e784\" data-element_type=\"widget\" data-settings=\"{&quot;_transform_scale_effect_hover&quot;:{&quot;unit&quot;:&quot;px&quot;,&quot;size&quot;:0.95,&quot;sizes&quot;:[]},&quot;_transform_scale_effect_hover_tablet&quot;:{&quot;unit&quot;:&quot;px&quot;,&quot;size&quot;:&quot;&quot;,&quot;sizes&quot;:[]},&quot;_transform_scale_effect_hover_mobile&quot;:{&quot;unit&quot;:&quot;px&quot;,&quot;size&quot;:&quot;&quot;,&quot;sizes&quot;:[]}}\" data-widget_type=\"heading.default\">\n\t\t\t\t<div class=\"elementor-widget-container\">\n\t\t\t\t\t<h2 class=\"elementor-heading-title elementor-size-default\"><a href=\"https:\/\/www.lllf.uam.es\/wordpress\/cilc2026\/\">XVII Congreso Internacional de Ling\u00fc\u00edstica de Corpus (CILC 2026)<\/a><\/h2>\t\t\t\t<\/div>\n\t\t\t\t<\/div>\n\t\t\t\t<div class=\"elementor-element elementor-element-d6e4a19 elementor-widget elementor-widget-heading\" data-id=\"d6e4a19\" data-element_type=\"widget\" data-widget_type=\"heading.default\">\n\t\t\t\t<div class=\"elementor-widget-container\">\n\t\t\t\t\t<h4 class=\"elementor-heading-title elementor-size-default\">Or\u00edgenes, presente y perspectivas de la ling\u00fc\u00edstica de corpus<\/h4>\t\t\t\t<\/div>\n\t\t\t\t<\/div>\n\t\t\t\t<div class=\"elementor-element elementor-element-de9412b elementor-widget-divider--view-line elementor-widget elementor-widget-divider\" data-id=\"de9412b\" data-element_type=\"widget\" data-widget_type=\"divider.default\">\n\t\t\t\t<div class=\"elementor-widget-container\">\n\t\t\t\t\t\t\t<div class=\"elementor-divider\">\n\t\t\t<span class=\"elementor-divider-separator\">\n\t\t\t\t\t\t<\/span>\n\t\t<\/div>\n\t\t\t\t\t\t<\/div>\n\t\t\t\t<\/div>\n\t\t\t\t<div class=\"elementor-element elementor-element-2ba6e84 hfe-nav-menu__align-center hfe-submenu-icon-arrow hfe-submenu-animation-none hfe-link-redirect-child hfe-nav-menu__breakpoint-tablet elementor-widget elementor-widget-navigation-menu\" data-id=\"2ba6e84\" data-element_type=\"widget\" data-settings=\"{&quot;padding_horizontal_menu_item&quot;:{&quot;unit&quot;:&quot;px&quot;,&quot;size&quot;:14,&quot;sizes&quot;:[]},&quot;padding_vertical_menu_item&quot;:{&quot;unit&quot;:&quot;px&quot;,&quot;size&quot;:9,&quot;sizes&quot;:[]},&quot;menu_space_between&quot;:{&quot;unit&quot;:&quot;px&quot;,&quot;size&quot;:28,&quot;sizes&quot;:[]},&quot;menu_row_space&quot;:{&quot;unit&quot;:&quot;px&quot;,&quot;size&quot;:2,&quot;sizes&quot;:[]},&quot;padding_horizontal_menu_item_tablet&quot;:{&quot;unit&quot;:&quot;px&quot;,&quot;size&quot;:&quot;&quot;,&quot;sizes&quot;:[]},&quot;padding_horizontal_menu_item_mobile&quot;:{&quot;unit&quot;:&quot;px&quot;,&quot;size&quot;:&quot;&quot;,&quot;sizes&quot;:[]},&quot;padding_vertical_menu_item_tablet&quot;:{&quot;unit&quot;:&quot;px&quot;,&quot;size&quot;:&quot;&quot;,&quot;sizes&quot;:[]},&quot;padding_vertical_menu_item_mobile&quot;:{&quot;unit&quot;:&quot;px&quot;,&quot;size&quot;:&quot;&quot;,&quot;sizes&quot;:[]},&quot;menu_space_between_tablet&quot;:{&quot;unit&quot;:&quot;px&quot;,&quot;size&quot;:&quot;&quot;,&quot;sizes&quot;:[]},&quot;menu_space_between_mobile&quot;:{&quot;unit&quot;:&quot;px&quot;,&quot;size&quot;:&quot;&quot;,&quot;sizes&quot;:[]},&quot;menu_row_space_tablet&quot;:{&quot;unit&quot;:&quot;px&quot;,&quot;size&quot;:&quot;&quot;,&quot;sizes&quot;:[]},&quot;menu_row_space_mobile&quot;:{&quot;unit&quot;:&quot;px&quot;,&quot;size&quot;:&quot;&quot;,&quot;sizes&quot;:[]},&quot;dropdown_border_radius&quot;:{&quot;unit&quot;:&quot;px&quot;,&quot;top&quot;:&quot;&quot;,&quot;right&quot;:&quot;&quot;,&quot;bottom&quot;:&quot;&quot;,&quot;left&quot;:&quot;&quot;,&quot;isLinked&quot;:true},&quot;dropdown_border_radius_tablet&quot;:{&quot;unit&quot;:&quot;px&quot;,&quot;top&quot;:&quot;&quot;,&quot;right&quot;:&quot;&quot;,&quot;bottom&quot;:&quot;&quot;,&quot;left&quot;:&quot;&quot;,&quot;isLinked&quot;:true},&quot;dropdown_border_radius_mobile&quot;:{&quot;unit&quot;:&quot;px&quot;,&quot;top&quot;:&quot;&quot;,&quot;right&quot;:&quot;&quot;,&quot;bottom&quot;:&quot;&quot;,&quot;left&quot;:&quot;&quot;,&quot;isLinked&quot;:true},&quot;width_dropdown_item&quot;:{&quot;unit&quot;:&quot;px&quot;,&quot;size&quot;:&quot;220&quot;,&quot;sizes&quot;:[]},&quot;width_dropdown_item_tablet&quot;:{&quot;unit&quot;:&quot;px&quot;,&quot;size&quot;:&quot;&quot;,&quot;sizes&quot;:[]},&quot;width_dropdown_item_mobile&quot;:{&quot;unit&quot;:&quot;px&quot;,&quot;size&quot;:&quot;&quot;,&quot;sizes&quot;:[]},&quot;padding_horizontal_dropdown_item&quot;:{&quot;unit&quot;:&quot;px&quot;,&quot;size&quot;:&quot;&quot;,&quot;sizes&quot;:[]},&quot;padding_horizontal_dropdown_item_tablet&quot;:{&quot;unit&quot;:&quot;px&quot;,&quot;size&quot;:&quot;&quot;,&quot;sizes&quot;:[]},&quot;padding_horizontal_dropdown_item_mobile&quot;:{&quot;unit&quot;:&quot;px&quot;,&quot;size&quot;:&quot;&quot;,&quot;sizes&quot;:[]},&quot;padding_vertical_dropdown_item&quot;:{&quot;unit&quot;:&quot;px&quot;,&quot;size&quot;:15,&quot;sizes&quot;:[]},&quot;padding_vertical_dropdown_item_tablet&quot;:{&quot;unit&quot;:&quot;px&quot;,&quot;size&quot;:&quot;&quot;,&quot;sizes&quot;:[]},&quot;padding_vertical_dropdown_item_mobile&quot;:{&quot;unit&quot;:&quot;px&quot;,&quot;size&quot;:&quot;&quot;,&quot;sizes&quot;:[]},&quot;distance_from_menu&quot;:{&quot;unit&quot;:&quot;px&quot;,&quot;size&quot;:&quot;&quot;,&quot;sizes&quot;:[]},&quot;distance_from_menu_tablet&quot;:{&quot;unit&quot;:&quot;px&quot;,&quot;size&quot;:&quot;&quot;,&quot;sizes&quot;:[]},&quot;distance_from_menu_mobile&quot;:{&quot;unit&quot;:&quot;px&quot;,&quot;size&quot;:&quot;&quot;,&quot;sizes&quot;:[]},&quot;toggle_size&quot;:{&quot;unit&quot;:&quot;px&quot;,&quot;size&quot;:&quot;&quot;,&quot;sizes&quot;:[]},&quot;toggle_size_tablet&quot;:{&quot;unit&quot;:&quot;px&quot;,&quot;size&quot;:&quot;&quot;,&quot;sizes&quot;:[]},&quot;toggle_size_mobile&quot;:{&quot;unit&quot;:&quot;px&quot;,&quot;size&quot;:&quot;&quot;,&quot;sizes&quot;:[]},&quot;toggle_border_width&quot;:{&quot;unit&quot;:&quot;px&quot;,&quot;size&quot;:&quot;&quot;,&quot;sizes&quot;:[]},&quot;toggle_border_width_tablet&quot;:{&quot;unit&quot;:&quot;px&quot;,&quot;size&quot;:&quot;&quot;,&quot;sizes&quot;:[]},&quot;toggle_border_width_mobile&quot;:{&quot;unit&quot;:&quot;px&quot;,&quot;size&quot;:&quot;&quot;,&quot;sizes&quot;:[]},&quot;toggle_border_radius&quot;:{&quot;unit&quot;:&quot;px&quot;,&quot;size&quot;:&quot;&quot;,&quot;sizes&quot;:[]},&quot;toggle_border_radius_tablet&quot;:{&quot;unit&quot;:&quot;px&quot;,&quot;size&quot;:&quot;&quot;,&quot;sizes&quot;:[]},&quot;toggle_border_radius_mobile&quot;:{&quot;unit&quot;:&quot;px&quot;,&quot;size&quot;:&quot;&quot;,&quot;sizes&quot;:[]}}\" data-widget_type=\"navigation-menu.default\">\n\t\t\t\t<div class=\"elementor-widget-container\">\n\t\t\t\t\t\t\t\t<div class=\"hfe-nav-menu hfe-layout-horizontal hfe-nav-menu-layout horizontal hfe-pointer__none\" data-layout=\"horizontal\">\n\t\t\t\t<div role=\"button\" class=\"hfe-nav-menu__toggle elementor-clickable\" tabindex=\"0\" aria-label=\"Menu Toggle\">\n\t\t\t\t\t<span class=\"screen-reader-text\">Menu<\/span>\n\t\t\t\t\t<div class=\"hfe-nav-menu-icon\">\n\t\t\t\t\t\t<svg aria-hidden=\"true\"  class=\"e-font-icon-svg e-fas-align-justify\" viewBox=\"0 0 448 512\" xmlns=\"http:\/\/www.w3.org\/2000\/svg\"><path d=\"M432 416H16a16 16 0 0 0-16 16v32a16 16 0 0 0 16 16h416a16 16 0 0 0 16-16v-32a16 16 0 0 0-16-16zm0-128H16a16 16 0 0 0-16 16v32a16 16 0 0 0 16 16h416a16 16 0 0 0 16-16v-32a16 16 0 0 0-16-16zm0-128H16a16 16 0 0 0-16 16v32a16 16 0 0 0 16 16h416a16 16 0 0 0 16-16v-32a16 16 0 0 0-16-16zm0-128H16A16 16 0 0 0 0 48v32a16 16 0 0 0 16 16h416a16 16 0 0 0 16-16V48a16 16 0 0 0-16-16z\"><\/path><\/svg>\t\t\t\t\t<\/div>\n\t\t\t\t<\/div>\n\t\t\t\t<nav class=\"hfe-nav-menu__layout-horizontal hfe-nav-menu__submenu-arrow\" data-toggle-icon=\"&lt;svg aria-hidden=&quot;true&quot; tabindex=&quot;0&quot; class=&quot;e-font-icon-svg e-fas-align-justify&quot; viewBox=&quot;0 0 448 512&quot; xmlns=&quot;http:\/\/www.w3.org\/2000\/svg&quot;&gt;&lt;path d=&quot;M432 416H16a16 16 0 0 0-16 16v32a16 16 0 0 0 16 16h416a16 16 0 0 0 16-16v-32a16 16 0 0 0-16-16zm0-128H16a16 16 0 0 0-16 16v32a16 16 0 0 0 16 16h416a16 16 0 0 0 16-16v-32a16 16 0 0 0-16-16zm0-128H16a16 16 0 0 0-16 16v32a16 16 0 0 0 16 16h416a16 16 0 0 0 16-16v-32a16 16 0 0 0-16-16zm0-128H16A16 16 0 0 0 0 48v32a16 16 0 0 0 16 16h416a16 16 0 0 0 16-16V48a16 16 0 0 0-16-16z&quot;&gt;&lt;\/path&gt;&lt;\/svg&gt;\" data-close-icon=\"&lt;svg aria-hidden=&quot;true&quot; tabindex=&quot;0&quot; class=&quot;e-font-icon-svg e-far-window-close&quot; viewBox=&quot;0 0 512 512&quot; xmlns=&quot;http:\/\/www.w3.org\/2000\/svg&quot;&gt;&lt;path d=&quot;M464 32H48C21.5 32 0 53.5 0 80v352c0 26.5 21.5 48 48 48h416c26.5 0 48-21.5 48-48V80c0-26.5-21.5-48-48-48zm0 394c0 3.3-2.7 6-6 6H54c-3.3 0-6-2.7-6-6V86c0-3.3 2.7-6 6-6h404c3.3 0 6 2.7 6 6v340zM356.5 194.6L295.1 256l61.4 61.4c4.6 4.6 4.6 12.1 0 16.8l-22.3 22.3c-4.6 4.6-12.1 4.6-16.8 0L256 295.1l-61.4 61.4c-4.6 4.6-12.1 4.6-16.8 0l-22.3-22.3c-4.6-4.6-4.6-12.1 0-16.8l61.4-61.4-61.4-61.4c-4.6-4.6-4.6-12.1 0-16.8l22.3-22.3c4.6-4.6 12.1-4.6 16.8 0l61.4 61.4 61.4-61.4c4.6-4.6 12.1-4.6 16.8 0l22.3 22.3c4.7 4.6 4.7 12.1 0 16.8z&quot;&gt;&lt;\/path&gt;&lt;\/svg&gt;\" data-full-width=\"\">\n\t\t\t\t\t<ul id=\"menu-1-2ba6e84\" class=\"hfe-nav-menu\"><li id=\"menu-item-1290\" class=\"menu-item menu-item-type-post_type menu-item-object-page parent hfe-creative-menu\"><a href=\"https:\/\/www.lllf.uam.es\/wordpress\/cilc2026\/convocatoria-de-propuestas\/\" class = \"hfe-menu-item\">Env\u00edo de propuestas<\/a><\/li>\n<li id=\"menu-item-1333\" class=\"menu-item menu-item-type-post_type menu-item-object-page parent hfe-creative-menu\"><a href=\"https:\/\/www.lllf.uam.es\/wordpress\/cilc2026\/plenarios\/\" class = \"hfe-menu-item\">Plenarios<\/a><\/li>\n<li id=\"menu-item-1334\" class=\"menu-item menu-item-type-post_type menu-item-object-page parent hfe-creative-menu\"><a href=\"https:\/\/www.lllf.uam.es\/wordpress\/cilc2026\/programa\/\" class = \"hfe-menu-item\">Programa<\/a><\/li>\n<li id=\"menu-item-1332\" class=\"menu-item menu-item-type-post_type menu-item-object-page parent hfe-creative-menu\"><a href=\"https:\/\/www.lllf.uam.es\/wordpress\/cilc2026\/inscripcion\/\" class = \"hfe-menu-item\">Inscripci\u00f3n<\/a><\/li>\n<li id=\"menu-item-1347\" class=\"menu-item menu-item-type-post_type menu-item-object-page parent hfe-creative-menu\"><a href=\"https:\/\/www.lllf.uam.es\/wordpress\/cilc2026\/transporte-alojamiento\/\" class = \"hfe-menu-item\">Transporte y alojamiento<\/a><\/li>\n<li id=\"menu-item-1335\" class=\"menu-item menu-item-type-post_type menu-item-object-page parent hfe-creative-menu\"><a href=\"https:\/\/www.lllf.uam.es\/wordpress\/cilc2026\/sede\/\" class = \"hfe-menu-item\">Sede<\/a><\/li>\n<\/ul> \n\t\t\t\t<\/nav>\n\t\t\t<\/div>\n\t\t\t\t\t\t\t<\/div>\n\t\t\t\t<\/div>\n\t\t\t\t<div class=\"elementor-element elementor-element-7b44131 elementor-widget-divider--view-line elementor-widget elementor-widget-divider\" data-id=\"7b44131\" data-element_type=\"widget\" data-widget_type=\"divider.default\">\n\t\t\t\t<div class=\"elementor-widget-container\">\n\t\t\t\t\t\t\t<div class=\"elementor-divider\">\n\t\t\t<span class=\"elementor-divider-separator\">\n\t\t\t\t\t\t<\/span>\n\t\t<\/div>\n\t\t\t\t\t\t<\/div>\n\t\t\t\t<\/div>\n\t\t\t\t\t<\/div>\n\t\t\t\t<\/div>\n\t\t<div class=\"elementor-element elementor-element-2b9ebd0 e-flex e-con-boxed e-con e-parent\" data-id=\"2b9ebd0\" data-element_type=\"container\">\n\t\t\t\t\t<div class=\"e-con-inner\">\n\t\t\t\t<div class=\"elementor-element elementor-element-36389d8 elementor-widget elementor-widget-heading\" data-id=\"36389d8\" data-element_type=\"widget\" data-widget_type=\"heading.default\">\n\t\t\t\t<div class=\"elementor-widget-container\">\n\t\t\t\t\t<h2 class=\"elementor-heading-title elementor-size-default\">Inscripci\u00f3n<\/h2>\t\t\t\t<\/div>\n\t\t\t\t<\/div>\n\t\t\t\t<div class=\"elementor-element elementor-element-e614ccb elementor-widget elementor-widget-text-editor\" data-id=\"e614ccb\" data-element_type=\"widget\" data-widget_type=\"text-editor.default\">\n\t\t\t\t<div class=\"elementor-widget-container\">\n\t\t\t\t\t\t\t\t\t<p>La inscripci\u00f3n estar\u00e1 disponible a partir del martes 17 de febrero de 2026.<\/p><p>Se recomienda que los conferenciantes se registren <strong>antes del 26 de marzo.<\/strong><\/p><p>El 5 de mayo se cerrar\u00e1 el periodo de inscripci\u00f3n.<\/p>\t\t\t\t\t\t\t\t<\/div>\n\t\t\t\t<\/div>\n\t\t\t\t<div class=\"elementor-element elementor-element-deb1a07 elementor-widget elementor-widget-heading\" data-id=\"deb1a07\" data-element_type=\"widget\" data-widget_type=\"heading.default\">\n\t\t\t\t<div class=\"elementor-widget-container\">\n\t\t\t\t\t<h2 class=\"elementor-heading-title elementor-size-default\">Precios<\/h2>\t\t\t\t<\/div>\n\t\t\t\t<\/div>\n\t\t\t\t<div class=\"elementor-element elementor-element-11b743e elementor-widget elementor-widget-image\" data-id=\"11b743e\" data-element_type=\"widget\" data-widget_type=\"image.default\">\n\t\t\t\t<div class=\"elementor-widget-container\">\n\t\t\t\t\t\t\t\t\t\t\t\t\t\t\t<img fetchpriority=\"high\" decoding=\"async\" width=\"900\" height=\"237\" src=\"https:\/\/www.lllf.uam.es\/wordpress\/wp-content\/uploads\/cilc26-precios-1024x270.png\" class=\"attachment-large size-large wp-image-1923\" alt=\"\" srcset=\"https:\/\/www.lllf.uam.es\/wordpress\/wp-content\/uploads\/cilc26-precios-1024x270.png 1024w, https:\/\/www.lllf.uam.es\/wordpress\/wp-content\/uploads\/cilc26-precios-300x79.png 300w, https:\/\/www.lllf.uam.es\/wordpress\/wp-content\/uploads\/cilc26-precios-768x203.png 768w, https:\/\/www.lllf.uam.es\/wordpress\/wp-content\/uploads\/cilc26-precios.png 1416w\" sizes=\"(max-width: 900px) 100vw, 900px\" \/>\t\t\t\t\t\t\t\t\t\t\t\t\t\t\t<\/div>\n\t\t\t\t<\/div>\n\t\t\t\t<div class=\"elementor-element elementor-element-3104649 elementor-widget elementor-widget-heading\" data-id=\"3104649\" data-element_type=\"widget\" data-widget_type=\"heading.default\">\n\t\t\t\t<div class=\"elementor-widget-container\">\n\t\t\t\t\t<h2 class=\"elementor-heading-title elementor-size-default\">Pol\u00edtica de inscripci\u00f3n<\/h2>\t\t\t\t<\/div>\n\t\t\t\t<\/div>\n\t\t\t\t<div class=\"elementor-element elementor-element-32c3189 elementor-widget elementor-widget-text-editor\" data-id=\"32c3189\" data-element_type=\"widget\" data-widget_type=\"text-editor.default\">\n\t\t\t\t<div class=\"elementor-widget-container\">\n\t\t\t\t\t\t\t\t\t<p><span data-teams=\"true\">Para recibir el certificado correspondiente, adem\u00e1s de realizar la inscripci\u00f3n, <b>es requisito imprescindible ser\u00a0<\/b><b><a id=\"OWA2b296e2d-4349-3abe-e17b-3fcac9b66084\" title=\"https:\/\/www.aelinco.es\/es\/hazte-socio\" href=\"https:\/\/www.aelinco.es\/es\/hazte-socio\" target=\"_blank\" rel=\"noopener noreferrer\" data-auth=\"NotApplicable\" data-linkindex=\"1\">socio de AELINCO<\/a><\/b>. De igual manera, le informamos de que\u00a0<b><span style=\"text-decoration: underline;\">todos<\/span> los autores de cada propuesta deben formalizar su inscripci\u00f3n y pagar la cuota de socio de AELINCO.<\/b><\/span><span data-teams=\"true\">\u00a0<\/span>Todos los autores registrados recibir\u00e1n un certificado de presentaci\u00f3n de la comunicaci\u00f3n.\u00a0<span data-teams=\"true\">Al menos uno de los autores debe presentar en persona la comunicaci\u00f3n.\u00a0<\/span><\/p>\t\t\t\t\t\t\t\t<\/div>\n\t\t\t\t<\/div>\n\t\t\t\t<div class=\"elementor-element elementor-element-5b81c91 elementor-widget elementor-widget-heading\" data-id=\"5b81c91\" data-element_type=\"widget\" data-widget_type=\"heading.default\">\n\t\t\t\t<div class=\"elementor-widget-container\">\n\t\t\t\t\t<h2 class=\"elementor-heading-title elementor-size-default\">Facturaci\u00f3n<\/h2>\t\t\t\t<\/div>\n\t\t\t\t<\/div>\n\t\t\t\t<div class=\"elementor-element elementor-element-eac84e8 elementor-widget elementor-widget-text-editor\" data-id=\"eac84e8\" data-element_type=\"widget\" data-widget_type=\"text-editor.default\">\n\t\t\t\t<div class=\"elementor-widget-container\">\n\t\t\t\t\t\t\t\t\t<p data-path-to-node=\"3\">La plataforma de inscripci\u00f3n permite la obtenci\u00f3n de facturas de manera diferenciada seg\u00fan la modalidad de pago seleccionada:<\/p><h6 data-path-to-node=\"4\"><span style=\"color: #1b74bb;\"><b data-path-to-node=\"4\" data-index-in-node=\"0\">1. Pago mediante tarjeta de cr\u00e9dito\/d\u00e9bito<\/b><\/span><\/h6><p data-path-to-node=\"5\">Tras completar la transacci\u00f3n, el sistema generar\u00e1 de forma autom\u00e1tica la <b data-path-to-node=\"5\" data-index-in-node=\"74\">factura oficial<\/b>, que podr\u00e1 ser descargada inmediatamente por el usuario.<\/p><ul data-path-to-node=\"6\"><li><p data-path-to-node=\"6,0,0\"><b data-path-to-node=\"6,0,0\" data-index-in-node=\"0\">Importante:<\/b> Rogamos sigan estrictamente las indicaciones de la plataforma para asegurar la correcta emisi\u00f3n del documento.<\/p><\/li><li><p data-path-to-node=\"6,1,0\"><b data-path-to-node=\"6,1,0\" data-index-in-node=\"0\">Subsanaci\u00f3n de errores:<\/b> Cualquier discrepancia o error detectado en la factura generada deber\u00e1 comunicarse a la direcci\u00f3n <b data-path-to-node=\"6,1,0\" data-index-in-node=\"122\">veronica.novella@fuam.uam.es<\/b> en un plazo m\u00e1ximo de <b data-path-to-node=\"6,1,0\" data-index-in-node=\"173\">48 horas<\/b>.<\/p><\/li><\/ul><h6 data-path-to-node=\"7\"><span style=\"color: #1b74bb;\"><b data-path-to-node=\"7\" data-index-in-node=\"0\">2. Pago mediante transferencia bancaria<\/b><\/span><\/h6><p data-path-to-node=\"8\">Si opta por esta modalidad, el sistema le permitir\u00e1 descargar una <b data-path-to-node=\"8\" data-index-in-node=\"66\">factura proforma<\/b> al finalizar el proceso de inscripci\u00f3n.<\/p><ul data-path-to-node=\"9\"><li><p data-path-to-node=\"9,0,0\"><b data-path-to-node=\"9,0,0\" data-index-in-node=\"0\">Factura definitiva:<\/b> El documento final estar\u00e1 disponible para su descarga una vez que la secretar\u00eda t\u00e9cnica haya confirmado la recepci\u00f3n de los fondos, proceso que puede demorar varios d\u00edas h\u00e1biles.<\/p><\/li><li><p data-path-to-node=\"9,1,0\"><b data-path-to-node=\"9,1,0\" data-index-in-node=\"0\">Identificaci\u00f3n del pago:<\/b> Es imprescindible realizar la transferencia siguiendo las instrucciones facilitadas e indicando el <b data-path-to-node=\"9,1,0\" data-index-in-node=\"124\">c\u00f3digo identificativo asignado<\/b>. Este c\u00f3digo es el \u00fanico medio para localizar y validar el pago de cada participante.<\/p><\/li><\/ul><p><a href=\"https:\/\/www.lllf.uam.es\/wordpress\/wp-content\/uploads\/solicitar_factura.pdf\"><span style=\"text-decoration: underline;\">Documento explicativo para solicitar la factura<\/span><\/a>.<\/p>\t\t\t\t\t\t\t\t<\/div>\n\t\t\t\t<\/div>\n\t\t\t\t<div class=\"elementor-element elementor-element-6596750 elementor-alert-info elementor-widget elementor-widget-alert\" data-id=\"6596750\" data-element_type=\"widget\" data-widget_type=\"alert.default\">\n\t\t\t\t<div class=\"elementor-widget-container\">\n\t\t\t\t\t\t\t<div class=\"elementor-alert\" role=\"alert\">\n\n\t\t\t\t\t\t<span class=\"elementor-alert-title\">Nota importante<\/span>\n\t\t\t\n\t\t\t\t\t\t<span class=\"elementor-alert-description\">Antes de finalizar el proceso, por favor aseg\u00farese de que todos los datos fiscales introducidos sean correctos. La precisi\u00f3n de esta informaci\u00f3n es responsabilidad del usuario y resulta esencial para evitar incidencias administrativas posteriores.<\/span>\n\t\t\t\n\t\t\t\n\t\t<\/div>\n\t\t\t\t\t\t<\/div>\n\t\t\t\t<\/div>\n\t\t\t\t\t<\/div>\n\t\t\t\t<\/div>\n\t\t<div class=\"elementor-element elementor-element-196f57b e-flex e-con-boxed e-con e-parent\" data-id=\"196f57b\" data-element_type=\"container\">\n\t\t\t\t\t<div class=\"e-con-inner\">\n\t\t\t\t<div class=\"elementor-element elementor-element-544b4f4 elementor-button-info elementor-align-center e-transform elementor-widget elementor-widget-button\" data-id=\"544b4f4\" data-element_type=\"widget\" data-settings=\"{&quot;_transform_scale_effect_hover&quot;:{&quot;unit&quot;:&quot;px&quot;,&quot;size&quot;:0.9,&quot;sizes&quot;:[]},&quot;_transform_scale_effect_hover_tablet&quot;:{&quot;unit&quot;:&quot;px&quot;,&quot;size&quot;:&quot;&quot;,&quot;sizes&quot;:[]},&quot;_transform_scale_effect_hover_mobile&quot;:{&quot;unit&quot;:&quot;px&quot;,&quot;size&quot;:&quot;&quot;,&quot;sizes&quot;:[]}}\" data-widget_type=\"button.default\">\n\t\t\t\t<div class=\"elementor-widget-container\">\n\t\t\t\t\t\t\t\t\t<div class=\"elementor-button-wrapper\">\n\t\t\t\t\t<a class=\"elementor-button elementor-button-link elementor-size-sm\" href=\"https:\/\/eventos.uam.es\/148551\/detail\/xvii-congreso-internacional-de-linguistica-de-corpus-cilc2026.html\">\n\t\t\t\t\t\t<span class=\"elementor-button-content-wrapper\">\n\t\t\t\t\t\t<span class=\"elementor-button-icon\">\n\t\t\t\t<svg aria-hidden=\"true\" class=\"e-font-icon-svg e-far-bookmark\" viewBox=\"0 0 384 512\" xmlns=\"http:\/\/www.w3.org\/2000\/svg\"><path d=\"M336 0H48C21.49 0 0 21.49 0 48v464l192-112 192 112V48c0-26.51-21.49-48-48-48zm0 428.43l-144-84-144 84V54a6 6 0 0 1 6-6h276c3.314 0 6 2.683 6 5.996V428.43z\"><\/path><\/svg>\t\t\t<\/span>\n\t\t\t\t\t\t\t\t\t<span class=\"elementor-button-text\">Inscr\u00edbete aqu\u00ed<\/span>\n\t\t\t\t\t<\/span>\n\t\t\t\t\t<\/a>\n\t\t\t\t<\/div>\n\t\t\t\t\t\t\t\t<\/div>\n\t\t\t\t<\/div>\n\t\t\t\t\t<\/div>\n\t\t\t\t<\/div>\n\t\t<div class=\"elementor-element elementor-element-2269f7e e-flex e-con-boxed e-con e-parent\" data-id=\"2269f7e\" data-element_type=\"container\" data-settings=\"{&quot;background_background&quot;:&quot;classic&quot;}\">\n\t\t\t\t\t<div class=\"e-con-inner\">\n\t\t\t\t<div class=\"elementor-element elementor-element-f3c615f elementor-widget-divider--view-line elementor-widget elementor-widget-divider\" data-id=\"f3c615f\" data-element_type=\"widget\" data-widget_type=\"divider.default\">\n\t\t\t\t<div class=\"elementor-widget-container\">\n\t\t\t\t\t\t\t<div class=\"elementor-divider\">\n\t\t\t<span class=\"elementor-divider-separator\">\n\t\t\t\t\t\t<\/span>\n\t\t<\/div>\n\t\t\t\t\t\t<\/div>\n\t\t\t\t<\/div>\n\t\t<div class=\"elementor-element elementor-element-be5750d e-con-full e-flex e-con e-child\" data-id=\"be5750d\" data-element_type=\"container\" data-settings=\"{&quot;background_background&quot;:&quot;classic&quot;}\">\n\t\t\t\t<div class=\"elementor-element elementor-element-b66405f elementor-widget elementor-widget-text-editor\" data-id=\"b66405f\" data-element_type=\"widget\" data-widget_type=\"text-editor.default\">\n\t\t\t\t<div class=\"elementor-widget-container\">\n\t\t\t\t\t\t\t\t\t<p>XVII Congreso Internacional de Ling\u00fc\u00edstica de Corpus, CILC 2026 \u2014 Laboratorio de Ling\u00fc\u00edstica Inform\u00e1tica, Universidad Aut\u00f3noma de Madrid<\/p>\t\t\t\t\t\t\t\t<\/div>\n\t\t\t\t<\/div>\n\t\t\t\t<\/div>\n\t\t\t\t\t<\/div>\n\t\t\t\t<\/div>\n\t\t\t\t<\/div>\n\t\t","protected":false},"excerpt":{"rendered":"<p>English XVII Congreso Internacional de Ling\u00fc\u00edstica de Corpus (CILC 2026) Or\u00edgenes, presente y perspectivas de la ling\u00fc\u00edstica de corpus Men\u00fa Env\u00edo de propuestas Plenarios Programa Inscripci\u00f3n Transporte y alojamiento Sede Inscripci\u00f3n La inscripci\u00f3n estar\u00e1 disponible a partir del martes 17 de febrero de 2026. Se recomienda que los conferenciantes se registren antes del 26 de &#8230; <a title=\"Inscripci\u00f3n\" class=\"read-more\" href=\"https:\/\/www.lllf.uam.es\/wordpress\/cilc2026\/inscripcion\/\" aria-label=\"Read more about Inscripci\u00f3n\">Read more<\/a><\/p>\n","protected":false},"author":5,"featured_media":0,"parent":1247,"menu_order":0,"comment_status":"closed","ping_status":"closed","template":"elementor_canvas","meta":{"footnotes":""},"class_list":["post-1319","page","type-page","status-publish"],"_links":{"self":[{"href":"https:\/\/www.lllf.uam.es\/wordpress\/wp-json\/wp\/v2\/pages\/1319","targetHints":{"allow":["GET"]}}],"collection":[{"href":"https:\/\/www.lllf.uam.es\/wordpress\/wp-json\/wp\/v2\/pages"}],"about":[{"href":"https:\/\/www.lllf.uam.es\/wordpress\/wp-json\/wp\/v2\/types\/page"}],"author":[{"embeddable":true,"href":"https:\/\/www.lllf.uam.es\/wordpress\/wp-json\/wp\/v2\/users\/5"}],"replies":[{"embeddable":true,"href":"https:\/\/www.lllf.uam.es\/wordpress\/wp-json\/wp\/v2\/comments?post=1319"}],"version-history":[{"count":38,"href":"https:\/\/www.lllf.uam.es\/wordpress\/wp-json\/wp\/v2\/pages\/1319\/revisions"}],"predecessor-version":[{"id":1938,"href":"https:\/\/www.lllf.uam.es\/wordpress\/wp-json\/wp\/v2\/pages\/1319\/revisions\/1938"}],"up":[{"embeddable":true,"href":"https:\/\/www.lllf.uam.es\/wordpress\/wp-json\/wp\/v2\/pages\/1247"}],"wp:attachment":[{"href":"https:\/\/www.lllf.uam.es\/wordpress\/wp-json\/wp\/v2\/media?parent=1319"}],"curies":[{"name":"wp","href":"https:\/\/api.w.org\/{rel}","templated":true}]}}