{"id":182,"date":"2024-07-17T19:06:09","date_gmt":"2024-07-17T19:06:09","guid":{"rendered":"https:\/\/www.lllf.uam.es\/wordpress\/?page_id=182"},"modified":"2024-09-02T10:31:29","modified_gmt":"2024-09-02T10:31:29","slug":"publicaciones-2020","status":"publish","type":"page","link":"https:\/\/www.lllf.uam.es\/wordpress\/publicaciones-2020\/","title":{"rendered":"PUBLICACIONES 2020"},"content":{"rendered":"\t\t<div data-elementor-type=\"wp-page\" data-elementor-id=\"182\" class=\"elementor elementor-182\">\n\t\t\t\t<div class=\"elementor-element elementor-element-e437d39 e-flex e-con-boxed e-con e-parent\" data-id=\"e437d39\" data-element_type=\"container\">\n\t\t\t\t\t<div class=\"e-con-inner\">\n\t\t<div class=\"elementor-element elementor-element-395702c e-con-full e-flex e-con e-child\" data-id=\"395702c\" data-element_type=\"container\">\n\t\t\t\t<div class=\"elementor-element elementor-element-54a1831 elementor-widget elementor-widget-heading\" data-id=\"54a1831\" data-element_type=\"widget\" data-widget_type=\"heading.default\">\n\t\t\t\t<div class=\"elementor-widget-container\">\n\t\t\t\t\t<h1 class=\"elementor-heading-title elementor-size-default\">Publicaciones 2020<\/h1>\t\t\t\t<\/div>\n\t\t\t\t<\/div>\n\t\t\t\t<div class=\"elementor-element elementor-element-854706c elementor-widget elementor-widget-image\" data-id=\"854706c\" data-element_type=\"widget\" data-widget_type=\"image.default\">\n\t\t\t\t<div class=\"elementor-widget-container\">\n\t\t\t\t\t\t\t\t\t\t\t\t\t\t\t<img decoding=\"async\" width=\"127\" height=\"9\" src=\"https:\/\/www.lllf.uam.es\/wordpress\/wp-content\/uploads\/linea-3-1.svg\" class=\"attachment-large size-large wp-image-236\" alt=\"\" \/>\t\t\t\t\t\t\t\t\t\t\t\t\t\t\t<\/div>\n\t\t\t\t<\/div>\n\t\t\t\t<\/div>\n\t\t\t\t\t<\/div>\n\t\t\t\t<\/div>\n\t\t<div class=\"elementor-element elementor-element-9b5ec57 e-con-full e-flex e-con e-child\" data-id=\"9b5ec57\" data-element_type=\"container\">\n\t\t<div class=\"elementor-element elementor-element-71037ba e-con-full e-flex e-con e-child\" data-id=\"71037ba\" data-element_type=\"container\">\n\t\t\t\t<div class=\"elementor-element elementor-element-951970f elementor-widget elementor-widget-text-editor\" data-id=\"951970f\" data-element_type=\"widget\" data-widget_type=\"text-editor.default\">\n\t\t\t\t<div class=\"elementor-widget-container\">\n\t\t\t\t\t\t\t\t\t<div class=\"h1\"><strong><span class=\"negrita\">UEDA, H., P. S\u00c1NCHEZ-PRIETO, A. MORENO SANDOVAL<\/span>\u00a0(2020)<\/strong><span style=\"text-decoration: underline;\"><span style=\"color: #0000ff; text-decoration: underline;\">\u00a0<\/span><\/span><a class=\"estado\" href=\"https:\/\/raco.cat\/index.php\/Elies\/article\/view\/384939\" target=\"_blank\" rel=\"noopener\"><span tabindex=\"0\"><span style=\"text-decoration: underline;\"><span style=\"color: #0000ff; text-decoration: underline;\">&#8220;Lematizaci\u00f3n y visualizaci\u00f3n cartogr\u00e1fica del corpus CODEA. Formas de la conjunci\u00f3n \u2018y\u2019en el norte de Castilla<\/span><\/span> medieval&#8221;<\/span><\/a>,\u00a0<span class=\"cursiva\">Estudios de ling\u00fc\u00edstica del espa\u00f1ol<\/span>, 42, pp 245-261.\u00a0<a href=\"https:\/\/www.lllf.uam.es\/pdf\/2020-Ueda_S%C3%A1nchez_Moreno.pdf\" target=\"_blank\" rel=\"noopener\"><img decoding=\"async\" class=\"\" tabindex=\"0\" title=\"acceso directo a PDF\" src=\"https:\/\/www.lllf.uam.es\/img\/pdf-icon.png\" alt=\"acceso directo a PDF\" width=\"69\" height=\"24\" \/><\/a><\/div>\t\t\t\t\t\t\t\t<\/div>\n\t\t\t\t<\/div>\n\t\t\t\t<\/div>\n\t\t<div class=\"elementor-element elementor-element-8c2e86d e-con-full e-flex e-con e-child\" data-id=\"8c2e86d\" data-element_type=\"container\">\n\t\t\t\t<div class=\"elementor-element elementor-element-a7d20b7 elementor-widget elementor-widget-text-editor\" data-id=\"a7d20b7\" data-element_type=\"widget\" data-widget_type=\"text-editor.default\">\n\t\t\t\t<div class=\"elementor-widget-container\">\n\t\t\t\t\t\t\t\t\t<p><strong><span class=\"negrita\">MORENO SANDOVAL, A., A. GISBERT, H. MONTORO<\/span>\u00a0(2020)<\/strong> &#8220;Fint-esp: a corpus of financial reports in Spanish&#8221; en Miguel Fuster-M\u00e1rquez, Carmen Gregori-Signes, Jos\u00e9 Santaemilia Ruiz (eds.):\u00a0<span class=\"cursiva\"><a class=\"estado\" href=\"https:\/\/www.comares.com\/libro\/multiperspectives-in-analysis-and-corpus-design_109108\/\" target=\"_blank\" rel=\"noopener\"><span tabindex=\"0\"><span style=\"text-decoration: underline;\"><span style=\"color: #0000ff; text-decoration: underline;\">Multiperspectives in Analysis and Corpus Design<\/span><\/span><\/span><\/a><\/span>, Granada: Editorial Comares, pp. 89-102.<\/p>\t\t\t\t\t\t\t\t<\/div>\n\t\t\t\t<\/div>\n\t\t\t\t<\/div>\n\t\t\t\t<\/div>\n\t\t\t\t<\/div>\n\t\t","protected":false},"excerpt":{"rendered":"<p>Publicaciones 2020 UEDA, H., P. S\u00c1NCHEZ-PRIETO, A. MORENO SANDOVAL\u00a0(2020)\u00a0&#8220;Lematizaci\u00f3n y visualizaci\u00f3n cartogr\u00e1fica del corpus CODEA. Formas de la conjunci\u00f3n \u2018y\u2019en el norte de Castilla medieval&#8221;,\u00a0Estudios de ling\u00fc\u00edstica del espa\u00f1ol, 42, pp 245-261.\u00a0 MORENO SANDOVAL, A., A. GISBERT, H. MONTORO\u00a0(2020) &#8220;Fint-esp: a corpus of financial reports in Spanish&#8221; en Miguel Fuster-M\u00e1rquez, Carmen Gregori-Signes, Jos\u00e9 Santaemilia Ruiz &#8230; <a title=\"PUBLICACIONES 2020\" class=\"read-more\" href=\"https:\/\/www.lllf.uam.es\/wordpress\/publicaciones-2020\/\" aria-label=\"Read more about PUBLICACIONES 2020\">Read more<\/a><\/p>\n","protected":false},"author":2,"featured_media":0,"parent":0,"menu_order":0,"comment_status":"closed","ping_status":"closed","template":"elementor_header_footer","meta":{"footnotes":""},"class_list":["post-182","page","type-page","status-publish"],"_links":{"self":[{"href":"https:\/\/www.lllf.uam.es\/wordpress\/wp-json\/wp\/v2\/pages\/182","targetHints":{"allow":["GET"]}}],"collection":[{"href":"https:\/\/www.lllf.uam.es\/wordpress\/wp-json\/wp\/v2\/pages"}],"about":[{"href":"https:\/\/www.lllf.uam.es\/wordpress\/wp-json\/wp\/v2\/types\/page"}],"author":[{"embeddable":true,"href":"https:\/\/www.lllf.uam.es\/wordpress\/wp-json\/wp\/v2\/users\/2"}],"replies":[{"embeddable":true,"href":"https:\/\/www.lllf.uam.es\/wordpress\/wp-json\/wp\/v2\/comments?post=182"}],"version-history":[{"count":13,"href":"https:\/\/www.lllf.uam.es\/wordpress\/wp-json\/wp\/v2\/pages\/182\/revisions"}],"predecessor-version":[{"id":350,"href":"https:\/\/www.lllf.uam.es\/wordpress\/wp-json\/wp\/v2\/pages\/182\/revisions\/350"}],"wp:attachment":[{"href":"https:\/\/www.lllf.uam.es\/wordpress\/wp-json\/wp\/v2\/media?parent=182"}],"curies":[{"name":"wp","href":"https:\/\/api.w.org\/{rel}","templated":true}]}}