{"id":340,"date":"2024-07-18T14:45:05","date_gmt":"2024-07-18T14:45:05","guid":{"rendered":"https:\/\/www.lllf.uam.es\/wordpress\/?page_id=340"},"modified":"2024-09-02T10:31:51","modified_gmt":"2024-09-02T10:31:51","slug":"publicaciones-2019","status":"publish","type":"page","link":"https:\/\/www.lllf.uam.es\/wordpress\/publicaciones-2019\/","title":{"rendered":"Publicaciones 2019"},"content":{"rendered":"\t\t<div data-elementor-type=\"wp-page\" data-elementor-id=\"340\" class=\"elementor elementor-340\">\n\t\t\t\t<div class=\"elementor-element elementor-element-29bdf4e e-flex e-con-boxed e-con e-parent\" data-id=\"29bdf4e\" data-element_type=\"container\">\n\t\t\t\t\t<div class=\"e-con-inner\">\n\t\t<div class=\"elementor-element elementor-element-baa3cf4 e-con-full e-flex e-con e-child\" data-id=\"baa3cf4\" data-element_type=\"container\">\n\t\t\t\t<div class=\"elementor-element elementor-element-cd536cb elementor-widget elementor-widget-heading\" data-id=\"cd536cb\" data-element_type=\"widget\" data-widget_type=\"heading.default\">\n\t\t\t\t<div class=\"elementor-widget-container\">\n\t\t\t\t\t<h1 class=\"elementor-heading-title elementor-size-default\">Publicaciones 2019<\/h1>\t\t\t\t<\/div>\n\t\t\t\t<\/div>\n\t\t\t\t<div class=\"elementor-element elementor-element-10dbce9 elementor-widget elementor-widget-image\" data-id=\"10dbce9\" data-element_type=\"widget\" data-widget_type=\"image.default\">\n\t\t\t\t<div class=\"elementor-widget-container\">\n\t\t\t\t\t\t\t\t\t\t\t\t\t\t\t<img decoding=\"async\" width=\"127\" height=\"9\" src=\"https:\/\/www.lllf.uam.es\/wordpress\/wp-content\/uploads\/linea-3-1.svg\" class=\"attachment-large size-large wp-image-236\" alt=\"\" \/>\t\t\t\t\t\t\t\t\t\t\t\t\t\t\t<\/div>\n\t\t\t\t<\/div>\n\t\t\t\t<\/div>\n\t\t\t\t\t<\/div>\n\t\t\t\t<\/div>\n\t\t<div class=\"elementor-element elementor-element-8f5d07e e-flex e-con-boxed e-con e-parent\" data-id=\"8f5d07e\" data-element_type=\"container\">\n\t\t\t\t\t<div class=\"e-con-inner\">\n\t\t<div class=\"elementor-element elementor-element-4f8c8f5 e-con-full e-flex e-con e-child\" data-id=\"4f8c8f5\" data-element_type=\"container\">\n\t\t\t\t<div class=\"elementor-element elementor-element-febcc67 elementor-widget elementor-widget-text-editor\" data-id=\"febcc67\" data-element_type=\"widget\" data-widget_type=\"text-editor.default\">\n\t\t\t\t<div class=\"elementor-widget-container\">\n\t\t\t\t\t\t\t\t\t<p><strong><span class=\"negrita\">MORENO SANDOVAL, A.<\/span>\u00a0(2019<\/strong>) &#8220;Lenguas y computaci\u00f3n&#8221;. Madrid, Sintesis.<br \/><br \/><strong><span class=\"negrita\">TEJEDOR, J., D.T. TOLEDANO, P. L\u00d3PEZ OTERO, L. DOCIO FERN\u00c1NDEZ, M. PE\u00d1AGARITANO, L.J. RODR\u00cdGUEZ FUENTES y A. MORENO SANDOVAL<\/span>\u00a0(2019)<\/strong>\u00a0<a class=\"estado\" href=\"https:\/\/asmp-eurasipjournals.springeropen.com\/articles\/10.1186\/s13636-019-0156-x\" target=\"_blank\" rel=\"noopener\"><span tabindex=\"0\">&#8220;Search on speech from spoken queries: the Multi-domain International ALBAYZIN 2018 Query-by-Example Spoken Term Detection Evaluation&#8221;<\/span><\/a>.\u00a0<span class=\"cursiva\">EURASIP Journal on Audio, Speech, and Music Processing (J AUDIO SPEECH MUSIC PROC.)<\/span>, 13.\u00a0<a href=\"https:\/\/www.lllf.uam.es\/pdf\/2019-Tejedor_Toledano_L%C3%B3pez_Docio_Pe%C3%B1agaritano_Rodr%C3%ADguez_Moreno.pdf\"><img decoding=\"async\" class=\"\" tabindex=\"0\" title=\"acceso directo a PDF\" src=\"https:\/\/www.lllf.uam.es\/img\/pdf-icon.png\" alt=\"acceso directo a PDF\" width=\"58\" height=\"20\" \/><\/a><br \/><br \/><strong><span class=\"negrita\">MORENO SANDOVAL, A., A. GISBERT, P.A. HAYA, M. GUERRERO, H. MONTORO<\/span>\u00a0(2019<\/strong>)\u00a0<a class=\"estado\" href=\"https:\/\/aclanthology.org\/W19-6406\/\" target=\"_blank\" rel=\"noopener\"><span tabindex=\"0\">&#8220;Tone Analysis in Spanish Financial Reporting Narratives&#8221;<\/span><\/a>. En\u00a0<span class=\"cursiva\">Proceedings of the Second Financial Narrative Processing Workshop (FNP 2019)<\/span>. NoDaLiDa, Turku, Finlandia, 30 Sept 2019, pp. 42-50.\u00a0<a href=\"https:\/\/aclanthology.org\/W19-6406.pdf\" target=\"_blank\" rel=\"noopener\"><img decoding=\"async\" class=\"\" tabindex=\"0\" title=\"acceso directo a PDF\" src=\"https:\/\/www.lllf.uam.es\/img\/pdf-icon.png\" alt=\"acceso directo a PDF\" width=\"72\" height=\"25\" \/><\/a><br \/><br \/><strong><span class=\"negrita\">MORENO, A., D. TORRE, A. VALVERDE, y L. CAMPILLOS<\/span>\u00a0(2019)<\/strong>\u00a0<a class=\"estado\" href=\"http:\/\/rua.ua.es\/dspace\/handle\/10045\/96623\" target=\"_blank\" rel=\"noopener\"><span tabindex=\"0\">&#8220;Estudio sobre documentos reutilizables como recursos ling\u00fc\u00edsticos en el marco del desarrollo del Plan de Impulso de las Tecnolog\u00edas del Lenguaje&#8221;<\/span><\/a>.\u00a0<span class=\"cursiva\">Procesamiento del Lenguaje Natural<\/span>, 63, septiembre 2019, pp. 167-170.\u00a0<a href=\"https:\/\/rua.ua.es\/dspace\/bitstream\/10045\/96623\/1\/PLN_63_22.pdf\" target=\"_blank\" rel=\"noopener\"><img loading=\"lazy\" decoding=\"async\" class=\"\" tabindex=\"0\" title=\"acceso directo a PDF\" src=\"https:\/\/www.lllf.uam.es\/img\/pdf-icon.png\" alt=\"acceso directo a PDF\" width=\"35\" height=\"12\" \/><\/a><br \/><br \/><strong><span class=\"negrita\">UEDA, H., A. MORENO SANDOVAL, y P. S\u00c1NCHEZ PRIETO<\/span>\u00a0(2019<\/strong>)\u00a0<a class=\"estado\" href=\"https:\/\/raco.cat\/index.php\/Elies\/article\/view\/384939\" target=\"_blank\" rel=\"noopener\"><span tabindex=\"0\">&#8220;Lematizaci\u00f3n y visualizaci\u00f3n cartogr\u00e1fica del corpus CODEA: Formas de la conjunci\u00f3n en Castilla la Vieja&#8221;<\/span><\/a>. Presentado en\u00a0<span class=\"cursiva\">CHARTA<\/span>, Sevilla. Aparecer\u00e1 en ELiES (Estudios de Ling\u00fc\u00edstica del Espa\u00f1ol) en 2020.\u00a0<a href=\"https:\/\/raco.cat\/index.php\/Elies\/article\/view\/384939\/478031\" target=\"_blank\" rel=\"noopener\"><img decoding=\"async\" class=\"\" tabindex=\"0\" title=\"acceso directo a PDF\" src=\"https:\/\/www.lllf.uam.es\/img\/pdf-icon.png\" alt=\"acceso directo a PDF\" width=\"58\" height=\"20\" \/><\/a><\/p>\t\t\t\t\t\t\t\t<\/div>\n\t\t\t\t<\/div>\n\t\t\t\t<\/div>\n\t\t<div class=\"elementor-element elementor-element-e945d0b e-con-full e-flex e-con e-child\" data-id=\"e945d0b\" data-element_type=\"container\">\n\t\t\t\t<div class=\"elementor-element elementor-element-00b14a2 elementor-widget elementor-widget-text-editor\" data-id=\"00b14a2\" data-element_type=\"widget\" data-widget_type=\"text-editor.default\">\n\t\t\t\t<div class=\"elementor-widget-container\">\n\t\t\t\t\t\t\t\t\t<p><strong><span class=\"negrita\">MORENO SANDOVAL, A., A. GISBERT y H. MONTORO<\/span>\u00a0(2019)<\/strong> &#8220;FinT-esp: a corpus of financial reports in Spanish&#8221;. Presentado en\u00a0<span class=\"cursiva\">CILC-2019<\/span>\u00a0Valencia. Aparecer\u00e1 en la ed. Comares.<br \/><br \/><strong><span class=\"negrita\">MORENO SANDOVAL, A.<\/span>\u00a0(2019)<\/strong> &#8220;Possibility and necessity in financial narrative: a study of modal adverbs in Spanish&#8221;. Presentado en el\u00a0<span class=\"cursiva\">XI Congreso Internacional de Ling\u00fcistica de Corpus (CILC-2019)<\/span>, Valencia. Publicada en Actas.<br \/><br \/><strong><span class=\"negrita\">MORENO SANDOVAL, A.<\/span>\u00a0(2019)<\/strong> &#8220;Some discursive aspects of financial narrative in Spanish: modality, lexical distinctiveness and sentiment analysis&#8221;. Ponencia plenaria en\u00a0<span class=\"cursiva\">3rd International Conferenceon Corpus Analysis in Academic Discourse 2019 (CAAD&#8217;19)<\/span>.<br \/><br \/><strong><span class=\"negrita\">MORENO A., D. TORRE, A. VALVERDE y L. CAMPILLOS<\/span>\u00a0(2019)<\/strong> &#8220;Estudio sobre datos reutilizables como recursos ling\u00fc\u00edsticos en el marco del desarrollo del Plan de Impulso de las Tecnolog\u00edas del Lenguaje&#8221;.\u00a0<span class=\"cursiva\">MINECO, Secretar\u00eda de Estado para el Avance Digital<\/span>.<br \/><br \/><strong><span class=\"negrita\">MORENO SANDOVAL, A.<\/span>\u00a0(2019)<\/strong> &#8220;Informe de evaluaci\u00f3n de la propuesta CLARIN-PL&#8221;, dentro del programa\u00a0<span class=\"cursiva\">Strategic Research Infrastructure Project in the Polish Roadmap for Research Intrastructures<\/span>, para el Department of I<\/p>\t\t\t\t\t\t\t\t<\/div>\n\t\t\t\t<\/div>\n\t\t\t\t<\/div>\n\t\t\t\t\t<\/div>\n\t\t\t\t<\/div>\n\t\t\t\t<\/div>\n\t\t","protected":false},"excerpt":{"rendered":"<p>Publicaciones 2019 MORENO SANDOVAL, A.\u00a0(2019) &#8220;Lenguas y computaci\u00f3n&#8221;. Madrid, Sintesis. TEJEDOR, J., D.T. TOLEDANO, P. L\u00d3PEZ OTERO, L. DOCIO FERN\u00c1NDEZ, M. PE\u00d1AGARITANO, L.J. RODR\u00cdGUEZ FUENTES y A. MORENO SANDOVAL\u00a0(2019)\u00a0&#8220;Search on speech from spoken queries: the Multi-domain International ALBAYZIN 2018 Query-by-Example Spoken Term Detection Evaluation&#8221;.\u00a0EURASIP Journal on Audio, Speech, and Music Processing (J AUDIO SPEECH MUSIC &#8230; <a title=\"Publicaciones 2019\" class=\"read-more\" href=\"https:\/\/www.lllf.uam.es\/wordpress\/publicaciones-2019\/\" aria-label=\"Read more about Publicaciones 2019\">Read more<\/a><\/p>\n","protected":false},"author":2,"featured_media":0,"parent":0,"menu_order":0,"comment_status":"closed","ping_status":"closed","template":"elementor_header_footer","meta":{"footnotes":""},"class_list":["post-340","page","type-page","status-publish"],"_links":{"self":[{"href":"https:\/\/www.lllf.uam.es\/wordpress\/wp-json\/wp\/v2\/pages\/340","targetHints":{"allow":["GET"]}}],"collection":[{"href":"https:\/\/www.lllf.uam.es\/wordpress\/wp-json\/wp\/v2\/pages"}],"about":[{"href":"https:\/\/www.lllf.uam.es\/wordpress\/wp-json\/wp\/v2\/types\/page"}],"author":[{"embeddable":true,"href":"https:\/\/www.lllf.uam.es\/wordpress\/wp-json\/wp\/v2\/users\/2"}],"replies":[{"embeddable":true,"href":"https:\/\/www.lllf.uam.es\/wordpress\/wp-json\/wp\/v2\/comments?post=340"}],"version-history":[{"count":7,"href":"https:\/\/www.lllf.uam.es\/wordpress\/wp-json\/wp\/v2\/pages\/340\/revisions"}],"predecessor-version":[{"id":358,"href":"https:\/\/www.lllf.uam.es\/wordpress\/wp-json\/wp\/v2\/pages\/340\/revisions\/358"}],"wp:attachment":[{"href":"https:\/\/www.lllf.uam.es\/wordpress\/wp-json\/wp\/v2\/media?parent=340"}],"curies":[{"name":"wp","href":"https:\/\/api.w.org\/{rel}","templated":true}]}}