{"id":354,"date":"2024-07-18T14:48:10","date_gmt":"2024-07-18T14:48:10","guid":{"rendered":"https:\/\/www.lllf.uam.es\/wordpress\/?page_id=354"},"modified":"2024-09-02T10:31:55","modified_gmt":"2024-09-02T10:31:55","slug":"publicaciones-2018","status":"publish","type":"page","link":"https:\/\/www.lllf.uam.es\/wordpress\/publicaciones-2018\/","title":{"rendered":"Publicaciones 2018"},"content":{"rendered":"\t\t<div data-elementor-type=\"wp-page\" data-elementor-id=\"354\" class=\"elementor elementor-354\">\n\t\t\t\t<div class=\"elementor-element elementor-element-c554677 e-flex e-con-boxed e-con e-parent\" data-id=\"c554677\" data-element_type=\"container\">\n\t\t\t\t\t<div class=\"e-con-inner\">\n\t\t<div class=\"elementor-element elementor-element-26e46f5 e-con-full e-flex e-con e-child\" data-id=\"26e46f5\" data-element_type=\"container\">\n\t\t\t\t<div class=\"elementor-element elementor-element-28c3099 elementor-widget elementor-widget-heading\" data-id=\"28c3099\" data-element_type=\"widget\" data-widget_type=\"heading.default\">\n\t\t\t\t<div class=\"elementor-widget-container\">\n\t\t\t\t\t<h1 class=\"elementor-heading-title elementor-size-default\">Publicaciones 2018<\/h1>\t\t\t\t<\/div>\n\t\t\t\t<\/div>\n\t\t\t\t<div class=\"elementor-element elementor-element-1cb7862 elementor-widget elementor-widget-image\" data-id=\"1cb7862\" data-element_type=\"widget\" data-widget_type=\"image.default\">\n\t\t\t\t<div class=\"elementor-widget-container\">\n\t\t\t\t\t\t\t\t\t\t\t\t\t\t\t<img decoding=\"async\" width=\"127\" height=\"9\" src=\"https:\/\/www.lllf.uam.es\/wordpress\/wp-content\/uploads\/linea-3-1.svg\" class=\"attachment-large size-large wp-image-236\" alt=\"\" \/>\t\t\t\t\t\t\t\t\t\t\t\t\t\t\t<\/div>\n\t\t\t\t<\/div>\n\t\t\t\t<\/div>\n\t\t<div class=\"elementor-element elementor-element-5c25c79 e-con-full e-flex e-con e-child\" data-id=\"5c25c79\" data-element_type=\"container\">\n\t\t<div class=\"elementor-element elementor-element-19f4139 e-con-full e-flex e-con e-child\" data-id=\"19f4139\" data-element_type=\"container\">\n\t\t\t\t<div class=\"elementor-element elementor-element-6a83785 elementor-widget elementor-widget-text-editor\" data-id=\"6a83785\" data-element_type=\"widget\" data-widget_type=\"text-editor.default\">\n\t\t\t\t<div class=\"elementor-widget-container\">\n\t\t\t\t\t\t\t\t\t<p><strong><span class=\"negrita\">MORENO SANDOVAL, A., J. D\u00cdAZ, L. CAMPILLOS LLANOS, T. REDONDO<\/span>\u00a0(2018<\/strong>) &#8220;Biomedical Term Extraction: NLP Techniques in Computational Medicine&#8221;.\u00a0<span class=\"cursiva\">International Journal of Interactive Multimedia and Artificial Intelligence<\/span>,\u00a0<a class=\"estado\" href=\"https:\/\/www.ijimai.org\/journal\/bibcite\/reference\/2666\" target=\"_blank\" rel=\"noopener\"><span tabindex=\"0\">http:\/\/dx.doi.org\/10.9781\/ijimai.2018.04.001<\/span><\/a>.\u00a0<a href=\"https:\/\/www.ijimai.org\/journal\/sites\/default\/files\/files\/2018\/04\/ijimai_5_4_6_pdf_46381.pdf\" target=\"_blank\" rel=\"noopener\"><img decoding=\"async\" class=\"\" tabindex=\"0\" title=\"acceso directo a PDF\" src=\"https:\/\/www.lllf.uam.es\/img\/pdf-icon.png\" alt=\"acceso directo a PDF\" width=\"66\" height=\"23\" \/><\/a><br \/><br \/><strong><span class=\"negrita\">MORENO FERN\u00c1NDEZ, F., A. MORENO SANDOVAL<\/span>\u00a0(2018)<\/strong>\u00a0<a class=\"estado\" href=\"http:\/\/revistasignos.cl\/index.php\/signos\/article\/view\/248\" target=\"_blank\" rel=\"noopener\"><span tabindex=\"0\">&#8220;Configuraci\u00f3n Ling\u00fc\u00edstica de anglicismos procedentes de Twitter en el espa\u00f1ol estadounidense&#8221;<\/span><\/a>, en\u00a0<span class=\"cursiva\">Signos. Estudios de Ling\u00fc\u00edstica<\/span>, Vol. 51 (98), pp. 382-409.\u00a0<a href=\"http:\/\/revistasignos.cl\/index.php\/signos\/article\/view\/248\/99\" target=\"_blank\" rel=\"noopener\"><img decoding=\"async\" class=\"\" tabindex=\"0\" title=\"acceso directo a PDF\" src=\"https:\/\/www.lllf.uam.es\/img\/pdf-icon.png\" alt=\"acceso directo a PDF\" width=\"58\" height=\"20\" \/><\/a><br \/><br \/><strong><span class=\"negrita\">MORENO SANDOVAL, A., H. UEDA<\/span>\u00a0(2018)<\/strong> &#8220;Different types of lexical frequencies in literary works using the Pareto inequality index&#8221;.\u00a0<span class=\"cursiva\">Congreso Internacional de Ling\u00fc\u00edstica de Corpus<\/span>\u00a0\u2013 2018, C\u00e1ceres, Espa\u00f1a.<\/p>\t\t\t\t\t\t\t\t<\/div>\n\t\t\t\t<\/div>\n\t\t\t\t<\/div>\n\t\t<div class=\"elementor-element elementor-element-a3e105a e-con-full e-flex e-con e-child\" data-id=\"a3e105a\" data-element_type=\"container\">\n\t\t\t\t<div class=\"elementor-element elementor-element-55b3f93 elementor-widget elementor-widget-text-editor\" data-id=\"55b3f93\" data-element_type=\"widget\" data-widget_type=\"text-editor.default\">\n\t\t\t\t<div class=\"elementor-widget-container\">\n\t\t\t\t\t\t\t\t\t<p><strong><span class=\"negrita\">MORENO SANDOVAL, A., H. HUEDA<\/span>\u00a0(2018)<\/strong> &#8220;Uni\u00f3n y separaci\u00f3n de preposici\u00f3n y art\u00edculo definido del espa\u00f1ol. Observaciones con la frecuencia probabil\u00edstica en el an\u00e1lisis de Pareto&#8221;,\u00a0<span class=\"cursiva\">X Congreso Internacional de Ling\u00fc\u00edstica de Corpus<\/span>, C\u00e1ceres, Espa\u00f1a.\u00a0<a href=\"https:\/\/lecture.ecc.u-tokyo.ac.jp\/~cueda\/kenkyu\/rekisi\/prep-art\/prep-art-slide.pdf\" target=\"_blank\" rel=\"noopener\"><img loading=\"lazy\" decoding=\"async\" class=\"\" tabindex=\"0\" title=\"acceso directo a PDF\" src=\"https:\/\/www.lllf.uam.es\/img\/pdf-icon.png\" alt=\"acceso directo a PDF\" width=\"86\" height=\"30\" \/><\/a><br \/><br \/><strong><span class=\"negrita\">MORENO SANDOVAL, A., H. HUEDA<\/span>\u00a0(2018)<\/strong> &#8220;Lexical polarity in spoken Spanish&#8221;,\u00a0<span class=\"cursiva\">X Congreso Internacional de Ling\u00fc\u00edstica de Corpus<\/span>\u00a0C\u00e1ceres, Espa\u00f1a.<br \/><br \/><strong><span class=\"negrita\">MORENO SANDOVAL, A.<\/span>\u00a0(2018)<\/strong> &#8220;Aplicaciones de corpus y de tecnolog\u00edas ling\u00fc\u00edsticas a la ling\u00fc\u00edstica forense&#8221; en las\u00a0<span class=\"cursiva\">V Jornadas (in)formativas de Ling\u00fc\u00edstica Forense: Panorama de la Ling\u00fc\u00edstica Forense en el \u00e1mbito acad\u00e9mico y profesional<\/span>\u00a0Universidad Aut\u00f3noma de Madrid, Madrid, 25, 26 y 27 de octubre.<\/p>\t\t\t\t\t\t\t\t<\/div>\n\t\t\t\t<\/div>\n\t\t\t\t<\/div>\n\t\t\t\t<\/div>\n\t\t\t\t\t<\/div>\n\t\t\t\t<\/div>\n\t\t\t\t<\/div>\n\t\t","protected":false},"excerpt":{"rendered":"<p>Publicaciones 2018 MORENO SANDOVAL, A., J. D\u00cdAZ, L. CAMPILLOS LLANOS, T. REDONDO\u00a0(2018) &#8220;Biomedical Term Extraction: NLP Techniques in Computational Medicine&#8221;.\u00a0International Journal of Interactive Multimedia and Artificial Intelligence,\u00a0http:\/\/dx.doi.org\/10.9781\/ijimai.2018.04.001.\u00a0 MORENO FERN\u00c1NDEZ, F., A. MORENO SANDOVAL\u00a0(2018)\u00a0&#8220;Configuraci\u00f3n Ling\u00fc\u00edstica de anglicismos procedentes de Twitter en el espa\u00f1ol estadounidense&#8221;, en\u00a0Signos. Estudios de Ling\u00fc\u00edstica, Vol. 51 (98), pp. 382-409.\u00a0 MORENO SANDOVAL, A., &#8230; <a title=\"Publicaciones 2018\" class=\"read-more\" href=\"https:\/\/www.lllf.uam.es\/wordpress\/publicaciones-2018\/\" aria-label=\"Read more about Publicaciones 2018\">Read more<\/a><\/p>\n","protected":false},"author":2,"featured_media":0,"parent":0,"menu_order":0,"comment_status":"closed","ping_status":"closed","template":"elementor_header_footer","meta":{"footnotes":""},"class_list":["post-354","page","type-page","status-publish"],"_links":{"self":[{"href":"https:\/\/www.lllf.uam.es\/wordpress\/wp-json\/wp\/v2\/pages\/354","targetHints":{"allow":["GET"]}}],"collection":[{"href":"https:\/\/www.lllf.uam.es\/wordpress\/wp-json\/wp\/v2\/pages"}],"about":[{"href":"https:\/\/www.lllf.uam.es\/wordpress\/wp-json\/wp\/v2\/types\/page"}],"author":[{"embeddable":true,"href":"https:\/\/www.lllf.uam.es\/wordpress\/wp-json\/wp\/v2\/users\/2"}],"replies":[{"embeddable":true,"href":"https:\/\/www.lllf.uam.es\/wordpress\/wp-json\/wp\/v2\/comments?post=354"}],"version-history":[{"count":4,"href":"https:\/\/www.lllf.uam.es\/wordpress\/wp-json\/wp\/v2\/pages\/354\/revisions"}],"predecessor-version":[{"id":361,"href":"https:\/\/www.lllf.uam.es\/wordpress\/wp-json\/wp\/v2\/pages\/354\/revisions\/361"}],"wp:attachment":[{"href":"https:\/\/www.lllf.uam.es\/wordpress\/wp-json\/wp\/v2\/media?parent=354"}],"curies":[{"name":"wp","href":"https:\/\/api.w.org\/{rel}","templated":true}]}}