{"id":362,"date":"2024-07-18T14:50:22","date_gmt":"2024-07-18T14:50:22","guid":{"rendered":"https:\/\/www.lllf.uam.es\/wordpress\/?page_id=362"},"modified":"2024-09-02T10:32:02","modified_gmt":"2024-09-02T10:32:02","slug":"publicaciones-2017","status":"publish","type":"page","link":"https:\/\/www.lllf.uam.es\/wordpress\/publicaciones-2017\/","title":{"rendered":"Publicaciones 2017"},"content":{"rendered":"\t\t<div data-elementor-type=\"wp-page\" data-elementor-id=\"362\" class=\"elementor elementor-362\">\n\t\t\t\t<div class=\"elementor-element elementor-element-5272936 e-flex e-con-boxed e-con e-parent\" data-id=\"5272936\" data-element_type=\"container\">\n\t\t\t\t\t<div class=\"e-con-inner\">\n\t\t<div class=\"elementor-element elementor-element-bebb758 e-con-full e-flex e-con e-child\" data-id=\"bebb758\" data-element_type=\"container\">\n\t\t\t\t<div class=\"elementor-element elementor-element-d186987 elementor-widget elementor-widget-heading\" data-id=\"d186987\" data-element_type=\"widget\" data-widget_type=\"heading.default\">\n\t\t\t\t<div class=\"elementor-widget-container\">\n\t\t\t\t\t<h1 class=\"elementor-heading-title elementor-size-default\">Publicaciones 2017<\/h1>\t\t\t\t<\/div>\n\t\t\t\t<\/div>\n\t\t\t\t<div class=\"elementor-element elementor-element-95d659f elementor-widget elementor-widget-image\" data-id=\"95d659f\" data-element_type=\"widget\" data-widget_type=\"image.default\">\n\t\t\t\t<div class=\"elementor-widget-container\">\n\t\t\t\t\t\t\t\t\t\t\t\t\t\t\t<img decoding=\"async\" width=\"127\" height=\"9\" src=\"https:\/\/www.lllf.uam.es\/wordpress\/wp-content\/uploads\/linea-3-1.svg\" class=\"attachment-large size-large wp-image-236\" alt=\"\" \/>\t\t\t\t\t\t\t\t\t\t\t\t\t\t\t<\/div>\n\t\t\t\t<\/div>\n\t\t\t\t<\/div>\n\t\t<div class=\"elementor-element elementor-element-5e72a24 e-con-full e-flex e-con e-child\" data-id=\"5e72a24\" data-element_type=\"container\">\n\t\t<div class=\"elementor-element elementor-element-df5136d e-con-full e-flex e-con e-child\" data-id=\"df5136d\" data-element_type=\"container\">\n\t\t\t\t<div class=\"elementor-element elementor-element-fc2674f elementor-widget elementor-widget-text-editor\" data-id=\"fc2674f\" data-element_type=\"widget\" data-widget_type=\"text-editor.default\">\n\t\t\t\t<div class=\"elementor-widget-container\">\n\t\t\t\t\t\t\t\t\t<p><strong><span class=\"negrita\">ALDAMA GARC\u00cdA, N. &amp; A. MORENO SANDOVAL<\/span>\u00a0(2017)<\/strong>\u00a0<a class=\"estado\" href=\"https:\/\/ricl.aelinco.es\/index.php\/ricl\/article\/view\/61\" target=\"_blank\" rel=\"noopener\"><span tabindex=\"0\">&#8220;Spanish (proper noun-head) pseudo relatives: a corpus-based study of frequency&#8221;<\/span><\/a>. Research in\u00a0<span class=\"cursiva\">Corpus Linguistics<\/span>, (5) 1-15.\u00a0<a href=\"https:\/\/www.lllf.uam.es\/pdf\/2017-Aldama_Sandoval.pdf\" target=\"_blank\" rel=\"noopener\"><img decoding=\"async\" class=\"\" tabindex=\"0\" title=\"acceso directo a PDF\" src=\"https:\/\/www.lllf.uam.es\/img\/pdf-icon.png\" alt=\"acceso directo a PDF\" width=\"40\" height=\"14\" \/><\/a><br \/><br \/><strong><span class=\"negrita\">HERRERO-ZORITA, C.<\/span>\u00a0(2017<\/strong>)\u00a0<a class=\"estado\" href=\"https:\/\/ucrel.lancs.ac.uk\/crs\/presentation.php?id=144\" target=\"_blank\" rel=\"noopener\"><span tabindex=\"0\">&#8220;Automatic detection of Spanish and Japanese modal markers and presence in spoken corpora&#8221;<\/span><\/a>. Seminario en\u00a0<span class=\"cursiva\">UCREL Corpus Research Seminar, 2 de febrero de 2017<\/span>, Universidad de Lancaster.\u00a0<a href=\"https:\/\/ucrel.lancs.ac.uk\/crs\/attachments\/UCRELCRS-2017-02-02-Herrero-Zorita-Carlos%20Herrero-Zorita%20presentation.pdf\" target=\"_blank\" rel=\"noopener\"><img decoding=\"async\" class=\"\" tabindex=\"0\" title=\"acceso directo a PDF\" src=\"https:\/\/www.lllf.uam.es\/img\/pdf-icon.png\" alt=\"acceso directo a PDF\" width=\"40\" height=\"14\" \/><\/a><\/p>\t\t\t\t\t\t\t\t<\/div>\n\t\t\t\t<\/div>\n\t\t\t\t<\/div>\n\t\t<div class=\"elementor-element elementor-element-32091a2 e-con-full e-flex e-con e-child\" data-id=\"32091a2\" data-element_type=\"container\">\n\t\t\t\t<div class=\"elementor-element elementor-element-53d3333 elementor-widget elementor-widget-text-editor\" data-id=\"53d3333\" data-element_type=\"widget\" data-widget_type=\"text-editor.default\">\n\t\t\t\t<div class=\"elementor-widget-container\">\n\t\t\t\t\t\t\t\t\t<p><strong><span class=\"negrita\">LIU, Y.<\/span>\u00a0(2017)<\/strong> &#8220;Diccionario de terminolog\u00eda m\u00e9dica espa\u00f1ol &#8211; chino&#8221;.\u00a0<span class=\"cursiva\">9th International Conference on Corpus Linguistics (CILC 2017)<\/span>\u00a0Universidad de Par\u00eds, mayo.<\/p>\t\t\t\t\t\t\t\t<\/div>\n\t\t\t\t<\/div>\n\t\t\t\t<\/div>\n\t\t\t\t<\/div>\n\t\t\t\t\t<\/div>\n\t\t\t\t<\/div>\n\t\t\t\t<\/div>\n\t\t","protected":false},"excerpt":{"rendered":"<p>Publicaciones 2017 ALDAMA GARC\u00cdA, N. &amp; A. MORENO SANDOVAL\u00a0(2017)\u00a0&#8220;Spanish (proper noun-head) pseudo relatives: a corpus-based study of frequency&#8221;. Research in\u00a0Corpus Linguistics, (5) 1-15.\u00a0 HERRERO-ZORITA, C.\u00a0(2017)\u00a0&#8220;Automatic detection of Spanish and Japanese modal markers and presence in spoken corpora&#8221;. Seminario en\u00a0UCREL Corpus Research Seminar, 2 de febrero de 2017, Universidad de Lancaster.\u00a0 LIU, Y.\u00a0(2017) &#8220;Diccionario de terminolog\u00eda &#8230; <a title=\"Publicaciones 2017\" class=\"read-more\" href=\"https:\/\/www.lllf.uam.es\/wordpress\/publicaciones-2017\/\" aria-label=\"Read more about Publicaciones 2017\">Read more<\/a><\/p>\n","protected":false},"author":2,"featured_media":0,"parent":0,"menu_order":0,"comment_status":"closed","ping_status":"closed","template":"elementor_header_footer","meta":{"footnotes":""},"class_list":["post-362","page","type-page","status-publish"],"_links":{"self":[{"href":"https:\/\/www.lllf.uam.es\/wordpress\/wp-json\/wp\/v2\/pages\/362","targetHints":{"allow":["GET"]}}],"collection":[{"href":"https:\/\/www.lllf.uam.es\/wordpress\/wp-json\/wp\/v2\/pages"}],"about":[{"href":"https:\/\/www.lllf.uam.es\/wordpress\/wp-json\/wp\/v2\/types\/page"}],"author":[{"embeddable":true,"href":"https:\/\/www.lllf.uam.es\/wordpress\/wp-json\/wp\/v2\/users\/2"}],"replies":[{"embeddable":true,"href":"https:\/\/www.lllf.uam.es\/wordpress\/wp-json\/wp\/v2\/comments?post=362"}],"version-history":[{"count":4,"href":"https:\/\/www.lllf.uam.es\/wordpress\/wp-json\/wp\/v2\/pages\/362\/revisions"}],"predecessor-version":[{"id":366,"href":"https:\/\/www.lllf.uam.es\/wordpress\/wp-json\/wp\/v2\/pages\/362\/revisions\/366"}],"wp:attachment":[{"href":"https:\/\/www.lllf.uam.es\/wordpress\/wp-json\/wp\/v2\/media?parent=362"}],"curies":[{"name":"wp","href":"https:\/\/api.w.org\/{rel}","templated":true}]}}