{"id":372,"date":"2024-07-18T14:54:27","date_gmt":"2024-07-18T14:54:27","guid":{"rendered":"https:\/\/www.lllf.uam.es\/wordpress\/?page_id=372"},"modified":"2024-09-02T10:31:17","modified_gmt":"2024-09-02T10:31:17","slug":"publicaciones-2015","status":"publish","type":"page","link":"https:\/\/www.lllf.uam.es\/wordpress\/publicaciones-2015\/","title":{"rendered":"Publicaciones 2015"},"content":{"rendered":"\t\t<div data-elementor-type=\"wp-page\" data-elementor-id=\"372\" class=\"elementor elementor-372\">\n\t\t\t\t<div class=\"elementor-element elementor-element-be46dad e-flex e-con-boxed e-con e-parent\" data-id=\"be46dad\" data-element_type=\"container\">\n\t\t\t\t\t<div class=\"e-con-inner\">\n\t\t<div class=\"elementor-element elementor-element-d695e77 e-con-full e-flex e-con e-child\" data-id=\"d695e77\" data-element_type=\"container\">\n\t\t\t\t<div class=\"elementor-element elementor-element-4fdc284 elementor-widget elementor-widget-heading\" data-id=\"4fdc284\" data-element_type=\"widget\" data-widget_type=\"heading.default\">\n\t\t\t\t<div class=\"elementor-widget-container\">\n\t\t\t\t\t<h1 class=\"elementor-heading-title elementor-size-default\">Publicaciones 2015<\/h1>\t\t\t\t<\/div>\n\t\t\t\t<\/div>\n\t\t\t\t<div class=\"elementor-element elementor-element-0e17672 elementor-widget elementor-widget-image\" data-id=\"0e17672\" data-element_type=\"widget\" data-widget_type=\"image.default\">\n\t\t\t\t<div class=\"elementor-widget-container\">\n\t\t\t\t\t\t\t\t\t\t\t\t\t\t\t<img decoding=\"async\" width=\"127\" height=\"9\" src=\"https:\/\/www.lllf.uam.es\/wordpress\/wp-content\/uploads\/linea-3-1.svg\" class=\"attachment-large size-large wp-image-236\" alt=\"\" \/>\t\t\t\t\t\t\t\t\t\t\t\t\t\t\t<\/div>\n\t\t\t\t<\/div>\n\t\t\t\t<\/div>\n\t\t<div class=\"elementor-element elementor-element-1d2d877 e-con-full e-flex e-con e-child\" data-id=\"1d2d877\" data-element_type=\"container\">\n\t\t<div class=\"elementor-element elementor-element-c91018f e-con-full e-flex e-con e-child\" data-id=\"c91018f\" data-element_type=\"container\">\n\t\t\t\t<div class=\"elementor-element elementor-element-eb87a87 elementor-widget elementor-widget-text-editor\" data-id=\"eb87a87\" data-element_type=\"widget\" data-widget_type=\"text-editor.default\">\n\t\t\t\t<div class=\"elementor-widget-container\">\n\t\t\t\t\t\t\t\t\t<p><strong><span class=\"negrita\">CAMPILLOS LLANOS, L. y H. UEDA<\/span>\u00a0(2015)<\/strong>\u00a0<a class=\"estado\" href=\"https:\/\/www.revistaiberica.org\/index.php\/iberica\/article\/view\/730\" target=\"_blank\" rel=\"noopener\"><span tabindex=\"0\">&#8220;Frecuencia y dispersi\u00f3n l\u00e9xicas en textos m\u00e9dicos divulgativos en espa\u00f1ol&#8221;<\/span><\/a>.\u00a0<span class=\"cursiva\">Ib\u00e9rica<\/span>, 30 pp. 61-84. ISSN: 1139-7241.\u00a0<a href=\"https:\/\/www.revistaiberica.org\/index.php\/iberica\/article\/view\/730\/441\" target=\"_blank\" rel=\"noopener\"><img decoding=\"async\" class=\"\" tabindex=\"0\" title=\"acceso directo a PDF\" src=\"https:\/\/www.lllf.uam.es\/img\/pdf-icon.png\" alt=\"acceso directo a PDF\" width=\"43\" height=\"15\" \/><\/a><br \/><br \/><strong><span class=\"negrita\">HERRERO-ZORITA, C., C. MOLINA, y A. MORENO-SANDOVAL<\/span>\u00a0(2015)<\/strong>\u00a0<a class=\"estado\" href=\"https:\/\/benjamins.com\/catalog\/rcl.13.1.04her\" target=\"_blank\" rel=\"noopener\"><span tabindex=\"0\">&#8220;Medical term formation in English and Japanese: A study of the suffixes \u2013gram, -graph and \u2013graphy&#8221;<\/span><\/a>.\u00a0<span class=\"cursiva\">Review of Cognitive Linguistics<\/span>, 13 (1).\u00a0<a href=\"http:\/\/www.lllf.uam.es\/ESP\/pdf\/Herrero_Molina_Moreno_2014_FinalDraft.pdf\" target=\"_blank\" rel=\"noopener\"><img decoding=\"async\" class=\"\" tabindex=\"0\" title=\"acceso directo a PDF\" src=\"https:\/\/www.lllf.uam.es\/img\/pdf-icon.png\" alt=\"acceso directo a PDF\" width=\"46\" height=\"16\" \/><\/a><br \/><br \/><strong><span class=\"negrita\">HERRERO ZORITA, C., H. UEDA y A. MORENO SANDOVAL<\/span>\u00a0(2015)<\/strong> &#8220;Productivity of combinations of Spanish anatomical themes with symptom suffixes based on quantitative analysis&#8221;.\u00a0<span class=\"cursiva\">7\u00ba Congreso Internacional de Ling\u00fc\u00edstica de Corpus (CILC 2015)<\/span>. Valladolid, 5-7 Marzo 2015.<br \/><br \/><strong><span class=\"negrita\">MORENO SANDOVAL, A. y L. CAMPILLOS LLANOS<\/span>\u00a0(2015)<\/strong> &#8220;Combinaci\u00f3n de estrategias l\u00e9xicas y estad\u00edsticas para el reconocimiento autom\u00e1tico de t\u00e9rminos: su aplicaci\u00f3n a un corpus de medicina&#8221;.\u00a0<span class=\"cursiva\">LEA<\/span>, 37 (2) pp. 173-197.\u00a0<a href=\"http:\/\/www.lllf.uam.es\/ESP\/pdf\/Moreno_Campillos_LEA.pdf\" target=\"_blank\" rel=\"noopener\"><img loading=\"lazy\" decoding=\"async\" class=\"\" tabindex=\"0\" title=\"acceso directo a PDF\" src=\"https:\/\/www.lllf.uam.es\/img\/pdf-icon.png\" alt=\"acceso directo a PDF\" width=\"63\" height=\"22\" \/><\/a><br \/><br \/><strong><span class=\"negrita\">MORENO SANDOVAL, A., L. CAMPILLOS LLANOS, C. HERRERO ZORITA, J. M. GUIRAO MIRAS, A. GONZ\u00c1LEZ MART\u00cdNEZ, D. SAMY y E. TAKAMORI<\/span>\u00a0(2015)<\/strong> &#8220;An online tool for enhancing NLP of a biomedical corpus&#8221;. En F. Alonso, I. Ortega and E. Quintana and M. S\u00e1nchez (eds.).\u00a0<span class=\"cursiva\">Input a Word, Analyse the World. Selected Approaches to Corpus Linguistics<\/span>. Newcastle upon Tyne: Cambridge Scholars. ISBN: 978-1-4438-8513-3.\u00a0<a href=\"http:\/\/www.lllf.uam.es\/ESP\/pdf\/Moreno_Sandoval_etal_Enhancing_Tools.pdf\" target=\"_blank\" rel=\"noopener\"><img loading=\"lazy\" decoding=\"async\" class=\"\" tabindex=\"0\" title=\"acceso directo a PDF\" src=\"https:\/\/www.lllf.uam.es\/img\/pdf-icon.png\" alt=\"acceso directo a PDF\" width=\"55\" height=\"19\" \/><\/a><\/p>\t\t\t\t\t\t\t\t<\/div>\n\t\t\t\t<\/div>\n\t\t\t\t<\/div>\n\t\t<div class=\"elementor-element elementor-element-1147d66 e-con-full e-flex e-con e-child\" data-id=\"1147d66\" data-element_type=\"container\">\n\t\t\t\t<div class=\"elementor-element elementor-element-90488cd elementor-widget elementor-widget-text-editor\" data-id=\"90488cd\" data-element_type=\"widget\" data-widget_type=\"text-editor.default\">\n\t\t\t\t<div class=\"elementor-widget-container\">\n\t\t\t\t\t\t\t\t\t<p><strong><span class=\"negrita\">MORENO SANDOVAL, A.<\/span>\u00a0(2015)<\/strong>\u00a0<a class=\"estado\" href=\"https:\/\/libros.uam.es\/uam\/catalog\/book\/89\" target=\"_blank\" rel=\"noopener\"><span tabindex=\"0\">&#8220;Textos de chino oral: material de comprensi\u00f3n auditiva basado en corpus&#8221;<\/span><\/a>.\u00a0<span class=\"cursiva\">2\u00ba Congreso Iberoamericano de Estudios Chinos<\/span>. Barcelona. 25,26 de junio de 2015.\u00a0<a href=\"http:\/\/www.lllf.uam.es\/ESP\/pdf\/Moreno_Sandoval_etal_Enhancing_Tools.pdf\" target=\"_blank\" rel=\"noopener\"><img loading=\"lazy\" decoding=\"async\" class=\"\" tabindex=\"0\" title=\"acceso directo a PDF\" src=\"https:\/\/www.lllf.uam.es\/img\/pdf-icon.png\" alt=\"acceso directo a PDF\" width=\"49\" height=\"17\" \/><\/a><br \/><br \/><strong><span class=\"negrita\">MORENO SANDOVAL, A., H. UEDA<\/span>\u00a0(2015)<\/strong> &#8220;Letras and N\u00fameros: web-based corpus tools&#8221;.\u00a0<span class=\"cursiva\">7\u00ba Congreso Internacional de Ling\u00fc\u00edstica de Corpus (CILC 2015)<\/span>. Valladolid, 5-7 Marzo 2015.<br \/><br \/><strong><span class=\"negrita\">LIU, Y. Y.<\/span>\u00a0(2015)<\/strong> &#8220;Aproximaci\u00f3n a la traducci\u00f3n de t\u00edtulos de pel\u00edculas chinas: desde la perspectiva de la equivalencia din\u00e1mica&#8221;.\u00a0<span class=\"cursiva\">2\u00ba Congreso Iberoamericano de Estudios Chinos<\/span>. Barcelona. 25, 26 de junio de 2015.\u00a0<a href=\"http:\/\/www.lllf.uam.es\/ESP\/pdf\/LIU_ponencia.pdf\" target=\"_blank\" rel=\"noopener\"><img loading=\"lazy\" decoding=\"async\" class=\"\" tabindex=\"0\" title=\"acceso directo a PDF\" src=\"https:\/\/www.lllf.uam.es\/img\/pdf-icon.png\" alt=\"acceso directo a PDF\" width=\"37\" height=\"13\" \/><\/a><\/p>\t\t\t\t\t\t\t\t<\/div>\n\t\t\t\t<\/div>\n\t\t\t\t<\/div>\n\t\t\t\t<\/div>\n\t\t\t\t\t<\/div>\n\t\t\t\t<\/div>\n\t\t\t\t<\/div>\n\t\t","protected":false},"excerpt":{"rendered":"<p>Publicaciones 2015 CAMPILLOS LLANOS, L. y H. UEDA\u00a0(2015)\u00a0&#8220;Frecuencia y dispersi\u00f3n l\u00e9xicas en textos m\u00e9dicos divulgativos en espa\u00f1ol&#8221;.\u00a0Ib\u00e9rica, 30 pp. 61-84. ISSN: 1139-7241.\u00a0 HERRERO-ZORITA, C., C. MOLINA, y A. MORENO-SANDOVAL\u00a0(2015)\u00a0&#8220;Medical term formation in English and Japanese: A study of the suffixes \u2013gram, -graph and \u2013graphy&#8221;.\u00a0Review of Cognitive Linguistics, 13 (1).\u00a0 HERRERO ZORITA, C., H. UEDA y &#8230; <a title=\"Publicaciones 2015\" class=\"read-more\" href=\"https:\/\/www.lllf.uam.es\/wordpress\/publicaciones-2015\/\" aria-label=\"Read more about Publicaciones 2015\">Read more<\/a><\/p>\n","protected":false},"author":2,"featured_media":0,"parent":0,"menu_order":0,"comment_status":"closed","ping_status":"closed","template":"elementor_header_footer","meta":{"footnotes":""},"class_list":["post-372","page","type-page","status-publish"],"_links":{"self":[{"href":"https:\/\/www.lllf.uam.es\/wordpress\/wp-json\/wp\/v2\/pages\/372","targetHints":{"allow":["GET"]}}],"collection":[{"href":"https:\/\/www.lllf.uam.es\/wordpress\/wp-json\/wp\/v2\/pages"}],"about":[{"href":"https:\/\/www.lllf.uam.es\/wordpress\/wp-json\/wp\/v2\/types\/page"}],"author":[{"embeddable":true,"href":"https:\/\/www.lllf.uam.es\/wordpress\/wp-json\/wp\/v2\/users\/2"}],"replies":[{"embeddable":true,"href":"https:\/\/www.lllf.uam.es\/wordpress\/wp-json\/wp\/v2\/comments?post=372"}],"version-history":[{"count":4,"href":"https:\/\/www.lllf.uam.es\/wordpress\/wp-json\/wp\/v2\/pages\/372\/revisions"}],"predecessor-version":[{"id":376,"href":"https:\/\/www.lllf.uam.es\/wordpress\/wp-json\/wp\/v2\/pages\/372\/revisions\/376"}],"wp:attachment":[{"href":"https:\/\/www.lllf.uam.es\/wordpress\/wp-json\/wp\/v2\/media?parent=372"}],"curies":[{"name":"wp","href":"https:\/\/api.w.org\/{rel}","templated":true}]}}