{"id":377,"date":"2024-07-18T14:56:33","date_gmt":"2024-07-18T14:56:33","guid":{"rendered":"https:\/\/www.lllf.uam.es\/wordpress\/?page_id=377"},"modified":"2024-09-02T10:31:09","modified_gmt":"2024-09-02T10:31:09","slug":"publicaciones-2014","status":"publish","type":"page","link":"https:\/\/www.lllf.uam.es\/wordpress\/publicaciones-2014\/","title":{"rendered":"Publicaciones 2014"},"content":{"rendered":"\t\t<div data-elementor-type=\"wp-page\" data-elementor-id=\"377\" class=\"elementor elementor-377\">\n\t\t\t\t<div class=\"elementor-element elementor-element-2889fef e-flex e-con-boxed e-con e-parent\" data-id=\"2889fef\" data-element_type=\"container\">\n\t\t\t\t\t<div class=\"e-con-inner\">\n\t\t<div class=\"elementor-element elementor-element-72d3a68 e-con-full e-flex e-con e-child\" data-id=\"72d3a68\" data-element_type=\"container\">\n\t\t\t\t<div class=\"elementor-element elementor-element-94c3db9 elementor-widget elementor-widget-heading\" data-id=\"94c3db9\" data-element_type=\"widget\" data-widget_type=\"heading.default\">\n\t\t\t\t<div class=\"elementor-widget-container\">\n\t\t\t\t\t<h1 class=\"elementor-heading-title elementor-size-default\">Publicaciones 2014<\/h1>\t\t\t\t<\/div>\n\t\t\t\t<\/div>\n\t\t\t\t<div class=\"elementor-element elementor-element-4e789f5 elementor-widget elementor-widget-image\" data-id=\"4e789f5\" data-element_type=\"widget\" data-widget_type=\"image.default\">\n\t\t\t\t<div class=\"elementor-widget-container\">\n\t\t\t\t\t\t\t\t\t\t\t\t\t\t\t<img decoding=\"async\" width=\"127\" height=\"9\" src=\"https:\/\/www.lllf.uam.es\/wordpress\/wp-content\/uploads\/linea-3-1.svg\" class=\"attachment-large size-large wp-image-236\" alt=\"\" \/>\t\t\t\t\t\t\t\t\t\t\t\t\t\t\t<\/div>\n\t\t\t\t<\/div>\n\t\t\t\t<\/div>\n\t\t<div class=\"elementor-element elementor-element-ae0fc95 e-con-full e-flex e-con e-child\" data-id=\"ae0fc95\" data-element_type=\"container\">\n\t\t<div class=\"elementor-element elementor-element-5395736 e-con-full e-flex e-con e-child\" data-id=\"5395736\" data-element_type=\"container\">\n\t\t\t\t<div class=\"elementor-element elementor-element-e8810e2 elementor-widget elementor-widget-text-editor\" data-id=\"e8810e2\" data-element_type=\"widget\" data-widget_type=\"text-editor.default\">\n\t\t\t\t<div class=\"elementor-widget-container\">\n\t\t\t\t\t\t\t\t\t<div class=\"h1\">\u00a0<\/div><div class=\"texto_publicaciones\"><p class=\"columna-1\"><strong><span class=\"negrita\">CAMPILLOS LLANOS, L.<\/span>\u00a0(2014)<\/strong> &#8220;Errores l\u00e9xicos en el espa\u00f1ol oral no nativo: an\u00e1lisis de la interlengua basado en corpus&#8221;.\u00a0<span class=\"cursiva\">ELUA &#8211; Estudios de Ling\u00fc\u00edstica Universidad de Alicante<\/span>, 28. ISSN: 0212-7636.<span style=\"text-decoration: underline;\">\u00a0<a class=\"estado\" href=\"https:\/\/doi.org\/10.14198\/ELUA2014.28.04\" target=\"_blank\" rel=\"noopener\">https:\/\/doi.org\/10.14198\/ELUA2014.28.04<\/a>\u00a0<\/span><a href=\"https:\/\/rua.ua.es\/dspace\/bitstream\/10045\/48502\/1\/ELUA_28_04.pdf\" target=\"_blank\" rel=\"noopener\"><img decoding=\"async\" class=\"\" tabindex=\"0\" title=\"acceso directo a PDF\" src=\"https:\/\/www.lllf.uam.es\/img\/pdf-icon.png\" alt=\"acceso directo a PDF\" width=\"60\" height=\"21\" \/><\/a><br \/><br \/><strong><span class=\"negrita\">CAMPILLOS LLANOS, L.<\/span>\u00a0(2014)<\/strong>\u00a0<span style=\"text-decoration: underline;\"><a class=\"estado\" href=\"https:\/\/www.euppublishing.com\/loi\/cor\" target=\"_blank\" rel=\"noopener\">&#8220;A Spanish oral learner corpus for computer-aided error analysis&#8221;<\/a><\/span>.\u00a0<span class=\"cursiva\">Corpora<\/span>, 9(2), pp. 207\u2013238. ISSN: 1749-5032.<br \/><br \/><strong><span class=\"negrita\">CAMPILLOS LLANOS, L.<\/span>\u00a0(2014)<\/strong> &#8220;An\u00e1lisis de errores pragm\u00e1tico-discursivos en un corpus oral de espa\u00f1ol como lengua extranjera&#8221;.\u00a0<span class=\"cursiva\">C\u00edrculo de Ling\u00fc\u00edstica Aplicada a la Comunicaci\u00f3n (CLAC)<\/span>, 58, pp. 23-59. ISSN: 1576-4737.\u00a0<a class=\"estado\" href=\"http:\/\/dx.doi.org\/10.5209\/rev_CLAC.2014.v58.45469\"><span tabindex=\"0\"><span style=\"text-decoration: underline;\">http:\/\/dx.doi.org\/10.5209\/rev_CLAC.2014.v5<\/span>8.45469<\/span><\/a>\u00a0<a href=\"https:\/\/revistas.ucm.es\/index.php\/CLAC\/article\/view\/45469\/42753\" target=\"_blank\" rel=\"noopener\"><img decoding=\"async\" class=\"\" tabindex=\"0\" title=\"acceso directo a PDF\" src=\"https:\/\/www.lllf.uam.es\/img\/pdf-icon.png\" alt=\"acceso directo a PDF\" width=\"66\" height=\"23\" \/><\/a><br \/><br \/><strong><span class=\"negrita\">CAMPILLOS LLANOS, L.<\/span>\u00a0(2014)<\/strong>\u00a0<a class=\"estado\" href=\"https:\/\/revistas.nebrija.com\/revista-linguistica\/article\/view\/221\" target=\"_blank\" rel=\"noopener\"><span tabindex=\"0\">&#8220;Las preposiciones en el habla no nativa de nivel intermedio: an\u00e1lisis de la interlengua basado en corpus<\/span>&#8220;<\/a>.\u00a0<span class=\"cursiva\">Revista Nebrija de Ling\u00fc\u00edstica Aplicada a la Ense\u00f1anza de las Lenguas<\/span>, 8(1), 5-27. ISSN: 1699-6569.\u00a0<a href=\"https:\/\/www.nebrija.com\/revista-linguistica\/files\/articulosPDF\/articulo_52f75b4406331.pdf\" target=\"_blank\" rel=\"noopener\"><img decoding=\"async\" class=\"\" tabindex=\"0\" title=\"acceso directo a PDF\" src=\"https:\/\/www.lllf.uam.es\/img\/pdf-icon.png\" alt=\"acceso directo a PDF\" width=\"60\" height=\"21\" \/><\/a><br \/><br \/><strong><span class=\"negrita\">CAMPILLOS LLANOS, L.<\/span>\u00a0(2014)<\/strong> &#8220;La expresio\u0301n oral en espan\u0303ol como lengua extranjera: interlengua y ana\u0301lisis de errores basado en corpus&#8221; (Resumen de tesis doctoral).\u00a0<span class=\"cursiva\">Procesamiento del Lenguaje Natural<\/span>, 52, pp. 91-92. ISSN: 1989-7553.\u00a0<a href=\"https:\/\/www.lllf.uam.es\/pdf\/2014-Campillos_Llanos.pdf\" target=\"_blank\" rel=\"noopener\"><img loading=\"lazy\" decoding=\"async\" class=\"\" tabindex=\"0\" title=\"acceso directo a PDF\" src=\"https:\/\/www.lllf.uam.es\/img\/pdf-icon.png\" alt=\"acceso directo a PDF\" width=\"69\" height=\"24\" \/><\/a><br \/><br \/><strong><span class=\"negrita\">CAMPILLOS LLANOS, L. , y P. GOZALO G\u00d3MEZ<\/span>\u00a0(2014)<\/strong>\u00a0<a class=\"estado\" href=\"https:\/\/link.springer.com\/chapter\/10.1007\/978-3-319-06007-1_11\" target=\"_blank\" rel=\"noopener\"><span tabindex=\"0\">&#8220;<span style=\"text-decoration: underline;\">Oral production of discourse markers by intermediate learners of Spanish: a corpus perspective&#8221;<\/span><\/span><\/a>. En J. Romero-Trillo (ed.)\u00a0<span class=\"cursiva\">Yearbook of Pragmatics and Corpus Linguistics 2014: New Empirical and Theoretical Paradigms<\/span>, pp. 239-259. New York: Springer. ISBN: 978-3-319-06006-4. DOI: 10.1007\/978-3-319-06007-1_11.\u00a0<\/p><\/div>\t\t\t\t\t\t\t\t<\/div>\n\t\t\t\t<\/div>\n\t\t\t\t<\/div>\n\t\t<div class=\"elementor-element elementor-element-7a255b8 e-con-full e-flex e-con e-child\" data-id=\"7a255b8\" data-element_type=\"container\">\n\t\t\t\t<div class=\"elementor-element elementor-element-1ac07f1 elementor-widget elementor-widget-text-editor\" data-id=\"1ac07f1\" data-element_type=\"widget\" data-widget_type=\"text-editor.default\">\n\t\t\t\t<div class=\"elementor-widget-container\">\n\t\t\t\t\t\t\t\t\t<p><strong><span class=\"negrita\">HERRERO ZORITA, C.<\/span>\u00a0(2014)\u00a0<\/strong><span style=\"text-decoration: underline;\"><a class=\"estado\" href=\"https:\/\/www.ucm.es\/emel14\" target=\"_blank\" rel=\"noopener\">&#8220;Deontic modality markers in a Spanish spoken corpus&#8221;<\/a><\/span>.\u00a0<span class=\"cursiva\">International Conference on Evidentiality and Modality in European Languages (EMEL 14)<\/span>. Madrid, Universidad Complutense. 6-8 de octubre de 2014.<br \/><br \/><strong><span class=\"negrita\">HERRERO ZORITA, C.<\/span>\u00a0(2014)<\/strong> &#8220;The presence of modal periphrastic constructions in the Spanish formal and informal spoken discourse&#8221;. Poster presentado en el\u00a0<span class=\"cursiva\">6\u00ba Congreso Internacional de Ling\u00fc\u00edstica de Corpus (6th International Conference on Corpus Linguistics &#8211; CILC 2014)<\/span>. Las Palmas de Gran Canaria, 22-24 de mayo de 2014.<br \/><br \/><strong><span class=\"negrita\">HERRERO ZORITA, C., L. CAMPILLOS LLANOS, y A. MORENO SANDOVAL<\/span>\u00a0(2014)\u00a0<\/strong><span style=\"text-decoration: underline;\"><a class=\"estado\" href=\"http:\/\/rua.ua.es\/dspace\/handle\/10045\/35765\" target=\"_blank\" rel=\"noopener\">&#8220;Collecting and POS-tagging a lexical resource of Japanese biomedical terms from a corpus&#8221;<\/a><\/span>.\u00a0<span class=\"cursiva\">Procesamiento del Lenguaje Natural<\/span>, 52, pp. 29-36. ISSN: 1989-7553.\u00a0<a href=\"https:\/\/www.lllf.uam.es\/pdf\/2014_Herrero-Zorita_Campillos-Llanos_Moreno_Sandoval.pdf\" target=\"_blank\" rel=\"noopener\"><img loading=\"lazy\" decoding=\"async\" class=\"\" tabindex=\"0\" title=\"acceso directo a PDF\" src=\"https:\/\/www.lllf.uam.es\/img\/pdf-icon.png\" alt=\"acceso directo a PDF\" width=\"49\" height=\"17\" \/><\/a><br \/><br \/><strong><span class=\"negrita\">MORENO SANDOVAL, A.<\/span>\u00a0(2014)<\/strong> &#8220;Desaf\u00edos de y para la ling\u00fc\u00edstica de corpus&#8221;.\u00a0<span class=\"cursiva\">Estudios ling\u00fc\u00edsticos hisp\u00e1nicos<\/span>, 29, pp. 69-85. ISSN: 0914-9228.<br \/><br \/><strong><span class=\"negrita\">MORENO SANDOVAL, A.<\/span>\u00a0(2014)<\/strong> An\u00e1lisis de opini\u00f3n y contenido en los medios sociales.\u00a0<span class=\"cursiva\">Libro blanco 1, Instituto de Ingenier\u00eda del Conocimiento<\/span>. DOI: 10.13140\/2.1.3585.7928.\u00a0<a class=\"estado\" href=\"http:\/\/www.lllf.uam.es\/ESP\/pdf\/Moreno-Sandoval_Analisis_opinion.pdf\" target=\"_blank\" rel=\"noopener\"><img loading=\"lazy\" decoding=\"async\" class=\"\" tabindex=\"0\" title=\"acceso directo a PDF\" src=\"https:\/\/www.lllf.uam.es\/img\/pdf-icon.png\" alt=\"acceso directo a PDF\" width=\"81\" height=\"28\" \/><\/a><br \/><br \/><strong><span class=\"negrita\">MORENO SANDOVAL, A., L. CAMPILLOS LLANOS, C. HERRERO ZORITA, J. M. GUIRAO MIRAS, A. GONZ\u00c1LEZ MART\u00cdNEZ, D. SAMY y E. TAKAMORI<\/span>\u00a0(2014)<\/strong>\u00a0<span style=\"text-decoration: underline;\"><a class=\"estado\" href=\"https:\/\/dialnet.unirioja.es\/servlet\/articulo?codigo=8227081\" target=\"_blank\" rel=\"noopener\">&#8220;An online tool for enhancing NLP of a biomedical corpus&#8221;<\/a><\/span>.\u00a0<span class=\"cursiva\">6\u00ba Congreso Internacional de Ling\u00fc\u00edstica de Corpus (6th International Conference on Corpus Linguistics &#8211; CILC 2014)<\/span>. Las Palmas de Gran Canaria, 22-24 de mayo de 2014.<\/p>\t\t\t\t\t\t\t\t<\/div>\n\t\t\t\t<\/div>\n\t\t\t\t<\/div>\n\t\t\t\t<\/div>\n\t\t\t\t\t<\/div>\n\t\t\t\t<\/div>\n\t\t\t\t<\/div>\n\t\t","protected":false},"excerpt":{"rendered":"<p>Publicaciones 2014 \u00a0 CAMPILLOS LLANOS, L.\u00a0(2014) &#8220;Errores l\u00e9xicos en el espa\u00f1ol oral no nativo: an\u00e1lisis de la interlengua basado en corpus&#8221;.\u00a0ELUA &#8211; Estudios de Ling\u00fc\u00edstica Universidad de Alicante, 28. ISSN: 0212-7636.\u00a0https:\/\/doi.org\/10.14198\/ELUA2014.28.04\u00a0 CAMPILLOS LLANOS, L.\u00a0(2014)\u00a0&#8220;A Spanish oral learner corpus for computer-aided error analysis&#8221;.\u00a0Corpora, 9(2), pp. 207\u2013238. ISSN: 1749-5032. CAMPILLOS LLANOS, L.\u00a0(2014) &#8220;An\u00e1lisis de errores pragm\u00e1tico-discursivos en &#8230; <a title=\"Publicaciones 2014\" class=\"read-more\" href=\"https:\/\/www.lllf.uam.es\/wordpress\/publicaciones-2014\/\" aria-label=\"Read more about Publicaciones 2014\">Read more<\/a><\/p>\n","protected":false},"author":2,"featured_media":0,"parent":0,"menu_order":0,"comment_status":"closed","ping_status":"closed","template":"elementor_header_footer","meta":{"footnotes":""},"class_list":["post-377","page","type-page","status-publish"],"_links":{"self":[{"href":"https:\/\/www.lllf.uam.es\/wordpress\/wp-json\/wp\/v2\/pages\/377","targetHints":{"allow":["GET"]}}],"collection":[{"href":"https:\/\/www.lllf.uam.es\/wordpress\/wp-json\/wp\/v2\/pages"}],"about":[{"href":"https:\/\/www.lllf.uam.es\/wordpress\/wp-json\/wp\/v2\/types\/page"}],"author":[{"embeddable":true,"href":"https:\/\/www.lllf.uam.es\/wordpress\/wp-json\/wp\/v2\/users\/2"}],"replies":[{"embeddable":true,"href":"https:\/\/www.lllf.uam.es\/wordpress\/wp-json\/wp\/v2\/comments?post=377"}],"version-history":[{"count":4,"href":"https:\/\/www.lllf.uam.es\/wordpress\/wp-json\/wp\/v2\/pages\/377\/revisions"}],"predecessor-version":[{"id":381,"href":"https:\/\/www.lllf.uam.es\/wordpress\/wp-json\/wp\/v2\/pages\/377\/revisions\/381"}],"wp:attachment":[{"href":"https:\/\/www.lllf.uam.es\/wordpress\/wp-json\/wp\/v2\/media?parent=377"}],"curies":[{"name":"wp","href":"https:\/\/api.w.org\/{rel}","templated":true}]}}