{"id":641,"date":"2024-09-16T09:54:00","date_gmt":"2024-09-16T09:54:00","guid":{"rendered":"https:\/\/www.lllf.uam.es\/wordpress\/?page_id=641"},"modified":"2025-06-18T15:21:35","modified_gmt":"2025-06-18T15:21:35","slug":"news","status":"publish","type":"page","link":"https:\/\/www.lllf.uam.es\/wordpress\/en\/news\/","title":{"rendered":"News"},"content":{"rendered":"\t\t<div data-elementor-type=\"wp-page\" data-elementor-id=\"641\" class=\"elementor elementor-641\">\n\t\t\t\t<div class=\"elementor-element elementor-element-73d81c5 e-flex e-con-boxed e-con e-parent\" data-id=\"73d81c5\" data-element_type=\"container\" data-settings=\"{&quot;background_background&quot;:&quot;classic&quot;}\">\n\t\t\t\t\t<div class=\"e-con-inner\">\n\t\t\t\t<div class=\"elementor-element elementor-element-21918d6 elementor-widget elementor-widget-heading\" data-id=\"21918d6\" data-element_type=\"widget\" data-widget_type=\"heading.default\">\n\t\t\t\t<div class=\"elementor-widget-container\">\n\t\t\t\t\t<h2 class=\"elementor-heading-title elementor-size-default\">News<\/h2>\t\t\t\t<\/div>\n\t\t\t\t<\/div>\n\t\t\t\t<div class=\"elementor-element elementor-element-7cfc9d7 elementor-widget elementor-widget-image\" data-id=\"7cfc9d7\" data-element_type=\"widget\" data-widget_type=\"image.default\">\n\t\t\t\t<div class=\"elementor-widget-container\">\n\t\t\t\t\t\t\t\t\t\t\t\t\t\t\t<img decoding=\"async\" width=\"127\" height=\"9\" src=\"https:\/\/www.lllf.uam.es\/wordpress\/wp-content\/uploads\/linea-3-1.svg\" class=\"attachment-large size-large wp-image-236\" alt=\"\" \/>\t\t\t\t\t\t\t\t\t\t\t\t\t\t\t<\/div>\n\t\t\t\t<\/div>\n\t\t\t\t\t<\/div>\n\t\t\t\t<\/div>\n\t\t<div class=\"elementor-element elementor-element-47f7dcc e-flex e-con-boxed e-con e-parent\" data-id=\"47f7dcc\" data-element_type=\"container\" data-settings=\"{&quot;background_background&quot;:&quot;classic&quot;}\">\n\t\t\t\t\t<div class=\"e-con-inner\">\n\t\t<div class=\"elementor-element elementor-element-562ef6f e-con-full e-flex e-con e-child\" data-id=\"562ef6f\" data-element_type=\"container\" data-settings=\"{&quot;background_background&quot;:&quot;classic&quot;}\">\n\t\t\t\t<div class=\"elementor-element elementor-element-02e6242 elementor-widget elementor-widget-image\" data-id=\"02e6242\" data-element_type=\"widget\" data-widget_type=\"image.default\">\n\t\t\t\t<div class=\"elementor-widget-container\">\n\t\t\t\t\t\t\t\t\t\t\t\t\t\t\t\t<a href=\"https:\/\/vinnlp.com\/nlp_bridges.html\">\n\t\t\t\t\t\t\t<img fetchpriority=\"high\" decoding=\"async\" width=\"1280\" height=\"720\" src=\"https:\/\/www.lllf.uam.es\/wordpress\/wp-content\/uploads\/nlp-bridges.png\" class=\"attachment-1536x1536 size-1536x1536 wp-image-1100\" alt=\"\" srcset=\"https:\/\/www.lllf.uam.es\/wordpress\/wp-content\/uploads\/nlp-bridges.png 1280w, https:\/\/www.lllf.uam.es\/wordpress\/wp-content\/uploads\/nlp-bridges-300x169.png 300w, https:\/\/www.lllf.uam.es\/wordpress\/wp-content\/uploads\/nlp-bridges-1024x576.png 1024w, https:\/\/www.lllf.uam.es\/wordpress\/wp-content\/uploads\/nlp-bridges-768x432.png 768w\" sizes=\"(max-width: 1280px) 100vw, 1280px\" \/>\t\t\t\t\t\t\t\t<\/a>\n\t\t\t\t\t\t\t\t\t\t\t\t\t\t\t<\/div>\n\t\t\t\t<\/div>\n\t\t\t\t<\/div>\n\t\t<div class=\"elementor-element elementor-element-bee997d e-con-full e-flex e-con e-child\" data-id=\"bee997d\" data-element_type=\"container\" data-settings=\"{&quot;background_background&quot;:&quot;classic&quot;}\">\n\t\t\t\t<div class=\"elementor-element elementor-element-a134c03 elementor-widget elementor-widget-text-editor\" data-id=\"a134c03\" data-element_type=\"widget\" data-widget_type=\"text-editor.default\">\n\t\t\t\t<div class=\"elementor-widget-container\">\n\t\t\t\t\t\t\t\t\t<p><span style=\"text-decoration: underline; color: #ffffff;\"><a style=\"color: #ffffff; text-decoration: underline;\" href=\"https:\/\/vinnlp.com\/nlp_bridges.html\"><strong>NLP BRIDGES TALK SERIES: Financial Narrative Processing in Spanish: the experience of the LLI-UAM team<\/strong><\/a><\/span><\/p><p><span style=\"color: #ffffff;\"><img decoding=\"async\" class=\"alignnone size-full wp-image-239\" src=\"https:\/\/www.lllf.uam.es\/wordpress\/wp-content\/uploads\/linea-21-1.svg\" alt=\"\" width=\"60\" height=\"9\" \/><\/span><\/p><p class=\"subtitulo enlace\"><span style=\"color: #ffffff;\">DATE: 19\/06\/2025<\/span><br \/><span style=\"color: #ffffff;\">TIME: 11h (Madrid time)<\/span><br \/><span style=\"color: #ffffff;\">PLACE: ONLINE (TEAMS, INSCRIPCI\u00d3N PREVIA)<\/span><\/p>\t\t\t\t\t\t\t\t<\/div>\n\t\t\t\t<\/div>\n\t\t\t\t<\/div>\n\t\t\t\t\t<\/div>\n\t\t\t\t<\/div>\n\t\t<div class=\"elementor-element elementor-element-4d82498 e-flex e-con-boxed e-con e-parent\" data-id=\"4d82498\" data-element_type=\"container\" data-settings=\"{&quot;background_background&quot;:&quot;classic&quot;}\">\n\t\t\t\t\t<div class=\"e-con-inner\">\n\t\t<div class=\"elementor-element elementor-element-aa4fb99 e-con-full e-flex e-con e-child\" data-id=\"aa4fb99\" data-element_type=\"container\" data-settings=\"{&quot;background_background&quot;:&quot;classic&quot;}\">\n\t\t\t\t<div class=\"elementor-element elementor-element-9b2ff38 elementor-widget elementor-widget-image\" data-id=\"9b2ff38\" data-element_type=\"widget\" data-widget_type=\"image.default\">\n\t\t\t\t<div class=\"elementor-widget-container\">\n\t\t\t\t\t\t\t\t\t\t\t\t\t\t\t<img loading=\"lazy\" decoding=\"async\" width=\"294\" height=\"261\" src=\"https:\/\/www.lllf.uam.es\/wordpress\/wp-content\/uploads\/clara-fin-logo.png\" class=\"attachment-large size-large wp-image-216\" alt=\"\" \/>\t\t\t\t\t\t\t\t\t\t\t\t\t\t\t<\/div>\n\t\t\t\t<\/div>\n\t\t\t\t<\/div>\n\t\t<div class=\"elementor-element elementor-element-3ef5392 e-con-full e-flex e-con e-child\" data-id=\"3ef5392\" data-element_type=\"container\" data-settings=\"{&quot;background_background&quot;:&quot;classic&quot;}\">\n\t\t\t\t<div class=\"elementor-element elementor-element-5eb1b28 elementor-widget elementor-widget-text-editor\" data-id=\"5eb1b28\" data-element_type=\"widget\" data-widget_type=\"text-editor.default\">\n\t\t\t\t<div class=\"elementor-widget-container\">\n\t\t\t\t\t\t\t\t\t<p class=\"curso-intensivo-1 grandenegrita\"><strong><span style=\"color: #ffffff;\"><u>CLARA-FIN PROJECT WORKSHOP (UAM)<\/u><\/span><\/strong><\/p><p><span style=\"color: #ffffff;\"><img decoding=\"async\" class=\"alignnone size-full wp-image-239\" src=\"https:\/\/www.lllf.uam.es\/wordpress\/wp-content\/uploads\/linea-21-1.svg\" alt=\"\" width=\"60\" height=\"9\" \/><\/span><\/p><p class=\"subtitulo enlace\"><span style=\"color: #ffffff;\">DATES: 02\/07\/2024 AL 05\/07\/2024<\/span><br \/><span style=\"color: #ffffff;\">TIME: 9:30h-14h.<\/span><\/p>\t\t\t\t\t\t\t\t<\/div>\n\t\t\t\t<\/div>\n\t\t\t\t<\/div>\n\t\t\t\t\t<\/div>\n\t\t\t\t<\/div>\n\t\t<div class=\"elementor-element elementor-element-19698c3 e-flex e-con-boxed e-con e-parent\" data-id=\"19698c3\" data-element_type=\"container\" data-settings=\"{&quot;background_background&quot;:&quot;classic&quot;}\">\n\t\t\t\t\t<div class=\"e-con-inner\">\n\t\t<div class=\"elementor-element elementor-element-778f448 e-con-full e-flex e-con e-child\" data-id=\"778f448\" data-element_type=\"container\">\n\t\t\t\t<div class=\"elementor-element elementor-element-d618965 elementor-widget elementor-widget-image\" data-id=\"d618965\" data-element_type=\"widget\" data-widget_type=\"image.default\">\n\t\t\t\t<div class=\"elementor-widget-container\">\n\t\t\t\t\t\t\t\t\t\t\t\t\t\t\t<img loading=\"lazy\" decoding=\"async\" width=\"787\" height=\"595\" src=\"https:\/\/www.lllf.uam.es\/wordpress\/wp-content\/uploads\/jornadas-humanidades-digitales.png\" class=\"attachment-large size-large wp-image-234\" alt=\"\" srcset=\"https:\/\/www.lllf.uam.es\/wordpress\/wp-content\/uploads\/jornadas-humanidades-digitales.png 787w, https:\/\/www.lllf.uam.es\/wordpress\/wp-content\/uploads\/jornadas-humanidades-digitales-300x227.png 300w, https:\/\/www.lllf.uam.es\/wordpress\/wp-content\/uploads\/jornadas-humanidades-digitales-768x581.png 768w\" sizes=\"(max-width: 787px) 100vw, 787px\" \/>\t\t\t\t\t\t\t\t\t\t\t\t\t\t\t<\/div>\n\t\t\t\t<\/div>\n\t\t\t\t<\/div>\n\t\t<div class=\"elementor-element elementor-element-35ae0eb e-con-full e-flex e-con e-child\" data-id=\"35ae0eb\" data-element_type=\"container\" data-settings=\"{&quot;background_background&quot;:&quot;classic&quot;}\">\n\t\t\t\t<div class=\"elementor-element elementor-element-fa8e34f elementor-widget elementor-widget-text-editor\" data-id=\"fa8e34f\" data-element_type=\"widget\" data-widget_type=\"text-editor.default\">\n\t\t\t\t<div class=\"elementor-widget-container\">\n\t\t\t\t\t\t\t\t\t<p class=\"curso-intensivo-1 grandenegrita\"><strong><span style=\"color: #ffffff;\"><u>I CONFERENCE ON DIGITAL HUMANITIES (UAM)<\/u><\/span><\/strong><\/p><p><span style=\"color: #ffffff;\"><img decoding=\"async\" class=\"alignnone size-full wp-image-239\" src=\"https:\/\/www.lllf.uam.es\/wordpress\/wp-content\/uploads\/linea-21-1.svg\" alt=\"\" width=\"60\" height=\"9\" \/><\/span><\/p><p class=\"subtitulo enlace\"><span style=\"color: #ffffff;\">DATES: 09\/01\/2024 AL 10\/01\/2024<\/span><br \/><span style=\"color: #ffffff;\">TIME: 9:30h-14h.<\/span><\/p>\t\t\t\t\t\t\t\t<\/div>\n\t\t\t\t<\/div>\n\t\t\t\t<\/div>\n\t\t\t\t\t<\/div>\n\t\t\t\t<\/div>\n\t\t<div class=\"elementor-element elementor-element-00a6891 e-flex e-con-boxed e-con e-parent\" data-id=\"00a6891\" data-element_type=\"container\" data-settings=\"{&quot;background_background&quot;:&quot;classic&quot;}\">\n\t\t\t\t\t<div class=\"e-con-inner\">\n\t\t<div class=\"elementor-element elementor-element-63fc9b2 e-con-full e-flex e-con e-child\" data-id=\"63fc9b2\" data-element_type=\"container\">\n\t\t\t\t<div class=\"elementor-element elementor-element-b86e15b elementor-widget elementor-widget-image\" data-id=\"b86e15b\" data-element_type=\"widget\" data-widget_type=\"image.default\">\n\t\t\t\t<div class=\"elementor-widget-container\">\n\t\t\t\t\t\t\t\t\t\t\t\t\t\t\t<img loading=\"lazy\" decoding=\"async\" width=\"768\" height=\"432\" src=\"https:\/\/www.lllf.uam.es\/wordpress\/wp-content\/uploads\/ia-unirioja.jpg\" class=\"attachment-large size-large wp-image-226\" alt=\"\" srcset=\"https:\/\/www.lllf.uam.es\/wordpress\/wp-content\/uploads\/ia-unirioja.jpg 768w, https:\/\/www.lllf.uam.es\/wordpress\/wp-content\/uploads\/ia-unirioja-300x169.jpg 300w\" sizes=\"(max-width: 768px) 100vw, 768px\" \/>\t\t\t\t\t\t\t\t\t\t\t\t\t\t\t<\/div>\n\t\t\t\t<\/div>\n\t\t\t\t<\/div>\n\t\t<div class=\"elementor-element elementor-element-6b22b56 e-con-full e-flex e-con e-child\" data-id=\"6b22b56\" data-element_type=\"container\" data-settings=\"{&quot;background_background&quot;:&quot;classic&quot;}\">\n\t\t\t\t<div class=\"elementor-element elementor-element-54faa50 elementor-widget elementor-widget-text-editor\" data-id=\"54faa50\" data-element_type=\"widget\" data-widget_type=\"text-editor.default\">\n\t\t\t\t<div class=\"elementor-widget-container\">\n\t\t\t\t\t\t\t\t\t<div class=\"rectangle-4 rectangle\">\u00a0<\/div><p class=\"curso-intensivo-2 grandenegrita\"><span style=\"color: #ffffff;\"><a class=\"estado\" style=\"color: #ffffff;\" href=\"https:\/\/www.unirioja.es\/actividades\/docencia-e-investigacion-linguistica-en-la-era-de-la-inteligencia-artificial\/\" target=\"_blank\" rel=\"noopener\"><u>DOCENCIA E INVESTIGACI\u00d3N LING\u00dc\u00cdSTICA EN LA ERA DE LA INTELIGENCIA ARTIFICIAL (UNIRIOJA)<\/u><\/a><\/span><\/p><p><span style=\"color: #ffffff;\"><img decoding=\"async\" class=\"alignnone size-full wp-image-239\" src=\"https:\/\/www.lllf.uam.es\/wordpress\/wp-content\/uploads\/linea-21-1.svg\" alt=\"\" width=\"60\" height=\"9\" \/><\/span><\/p><p class=\"fecha-inicio-3105 enlace\"><span style=\"color: #ffffff;\">Evoluci\u00f3n de la Traducci\u00f3n Autom\u00e1tica: desde los diccionarios a los transformers en 40 a\u00f1os<\/span><br \/><span style=\"color: #ffffff;\">FECHAS: 12\/12\/2023 AL 13\/12\/2023<\/span><br \/><span style=\"color: #ffffff;\">HORARIO: 9h.<\/span><\/p>\t\t\t\t\t\t\t\t<\/div>\n\t\t\t\t<\/div>\n\t\t\t\t<\/div>\n\t\t\t\t\t<\/div>\n\t\t\t\t<\/div>\n\t\t<div class=\"elementor-element elementor-element-77bbc27 e-flex e-con-boxed e-con e-parent\" data-id=\"77bbc27\" data-element_type=\"container\" data-settings=\"{&quot;background_background&quot;:&quot;classic&quot;}\">\n\t\t\t\t\t<div class=\"e-con-inner\">\n\t\t<div class=\"elementor-element elementor-element-0d5ef5f e-con-full e-flex e-con e-child\" data-id=\"0d5ef5f\" data-element_type=\"container\">\n\t\t\t\t<div class=\"elementor-element elementor-element-4715ca7 elementor-widget elementor-widget-image\" data-id=\"4715ca7\" data-element_type=\"widget\" data-widget_type=\"image.default\">\n\t\t\t\t<div class=\"elementor-widget-container\">\n\t\t\t\t\t\t\t\t\t\t\t\t\t\t\t<img loading=\"lazy\" decoding=\"async\" width=\"900\" height=\"277\" src=\"https:\/\/www.lllf.uam.es\/wordpress\/wp-content\/uploads\/clariah_day-1024x315.jpg\" class=\"attachment-large size-large wp-image-217\" alt=\"\" srcset=\"https:\/\/www.lllf.uam.es\/wordpress\/wp-content\/uploads\/clariah_day-1024x315.jpg 1024w, https:\/\/www.lllf.uam.es\/wordpress\/wp-content\/uploads\/clariah_day-300x92.jpg 300w, https:\/\/www.lllf.uam.es\/wordpress\/wp-content\/uploads\/clariah_day-768x236.jpg 768w, https:\/\/www.lllf.uam.es\/wordpress\/wp-content\/uploads\/clariah_day.jpg 1366w\" sizes=\"(max-width: 900px) 100vw, 900px\" \/>\t\t\t\t\t\t\t\t\t\t\t\t\t\t\t<\/div>\n\t\t\t\t<\/div>\n\t\t\t\t<\/div>\n\t\t<div class=\"elementor-element elementor-element-c5af2d1 e-con-full e-flex e-con e-child\" data-id=\"c5af2d1\" data-element_type=\"container\" data-settings=\"{&quot;background_background&quot;:&quot;classic&quot;}\">\n\t\t\t\t<div class=\"elementor-element elementor-element-c3edf68 elementor-widget elementor-widget-text-editor\" data-id=\"c3edf68\" data-element_type=\"widget\" data-widget_type=\"text-editor.default\">\n\t\t\t\t<div class=\"elementor-widget-container\">\n\t\t\t\t\t\t\t\t\t<div class=\"rectangle-4 rectangle\"><p class=\"charla-no-hay-que grandenegrita\"><span style=\"color: #ffffff;\"><u><b>DARIAH DAY: JORNADA SOBRE HUMANIDADES DIGITALES EN CLARIAH.ES<\/b><\/u><\/span><\/p><p><span style=\"color: #ffffff;\"><img decoding=\"async\" class=\"alignnone size-full wp-image-239\" src=\"https:\/\/www.lllf.uam.es\/wordpress\/wp-content\/uploads\/linea-21-1.svg\" alt=\"\" width=\"60\" height=\"9\" \/><\/span><\/p><p class=\"address-1 address-2 enlace\"><span style=\"color: #ffffff;\">Evoluci\u00f3n de la Traducci\u00f3n Autom\u00e1tica: desde los diccionarios a los transformers en 40 a\u00f1os<\/span><br \/><span style=\"color: #ffffff;\">FECHA: 7\/11\/2023 DE 16 A 19:30<\/span><\/p><\/div>\t\t\t\t\t\t\t\t<\/div>\n\t\t\t\t<\/div>\n\t\t\t\t<\/div>\n\t\t\t\t\t<\/div>\n\t\t\t\t<\/div>\n\t\t<div class=\"elementor-element elementor-element-5e13644 e-flex e-con-boxed e-con e-parent\" data-id=\"5e13644\" data-element_type=\"container\" data-settings=\"{&quot;background_background&quot;:&quot;classic&quot;}\">\n\t\t\t\t\t<div class=\"e-con-inner\">\n\t\t<div class=\"elementor-element elementor-element-be04ea8 e-con-full e-flex e-con e-child\" data-id=\"be04ea8\" data-element_type=\"container\">\n\t\t\t\t<div class=\"elementor-element elementor-element-0bf7dfd elementor-widget elementor-widget-image\" data-id=\"0bf7dfd\" data-element_type=\"widget\" data-widget_type=\"image.default\">\n\t\t\t\t<div class=\"elementor-widget-container\">\n\t\t\t\t\t\t\t\t\t\t\t\t\t\t\t<img loading=\"lazy\" decoding=\"async\" width=\"397\" height=\"276\" src=\"https:\/\/www.lllf.uam.es\/wordpress\/wp-content\/uploads\/curso-quijote.jpg\" class=\"attachment-large size-large wp-image-218\" alt=\"\" srcset=\"https:\/\/www.lllf.uam.es\/wordpress\/wp-content\/uploads\/curso-quijote.jpg 397w, https:\/\/www.lllf.uam.es\/wordpress\/wp-content\/uploads\/curso-quijote-300x209.jpg 300w\" sizes=\"(max-width: 397px) 100vw, 397px\" \/>\t\t\t\t\t\t\t\t\t\t\t\t\t\t\t<\/div>\n\t\t\t\t<\/div>\n\t\t\t\t<\/div>\n\t\t<div class=\"elementor-element elementor-element-82e2366 e-con-full e-flex e-con e-child\" data-id=\"82e2366\" data-element_type=\"container\" data-settings=\"{&quot;background_background&quot;:&quot;classic&quot;}\">\n\t\t\t\t<div class=\"elementor-element elementor-element-6cfcd7c elementor-widget elementor-widget-text-editor\" data-id=\"6cfcd7c\" data-element_type=\"widget\" data-widget_type=\"text-editor.default\">\n\t\t\t\t<div class=\"elementor-widget-container\">\n\t\t\t\t\t\t\t\t\t<div class=\"rectangle-4 rectangle\"><p class=\"annotating-discourse grandenegrita\"><span style=\"color: #ffffff;\"><strong><u>TALLER: FILOLOG\u00cdA DIGITAL SOBRE EL QUIJOTE: ELABORACI\u00d3N DEL DICCIONARIO DE LEMAS Y PERSONAJES &#8211; C\u00c1TEDRAS UAM-IIC<\/u><\/strong><\/span><\/p><p><span style=\"color: #ffffff;\"><img decoding=\"async\" class=\"alignnone size-full wp-image-239\" src=\"https:\/\/www.lllf.uam.es\/wordpress\/wp-content\/uploads\/linea-21-1.svg\" alt=\"\" width=\"60\" height=\"9\" \/><\/span><\/p><p class=\"address-3 address-2 enlace\"><span style=\"color: #ffffff;\">FECHAS: 01\/08\/2023 AL 03\/08\/2023<\/span><br \/><span style=\"color: #ffffff;\">HORARIO: MA\u00d1ANAS DE 9h A 14h.<\/span><\/p><\/div>\t\t\t\t\t\t\t\t<\/div>\n\t\t\t\t<\/div>\n\t\t\t\t<\/div>\n\t\t\t\t\t<\/div>\n\t\t\t\t<\/div>\n\t\t\t\t<\/div>\n\t\t","protected":false},"excerpt":{"rendered":"<p>News NLP BRIDGES TALK SERIES: Financial Narrative Processing in Spanish: the experience of the LLI-UAM team DATE: 19\/06\/2025TIME: 11h (Madrid time)PLACE: ONLINE (TEAMS, INSCRIPCI\u00d3N PREVIA) CLARA-FIN PROJECT WORKSHOP (UAM) DATES: 02\/07\/2024 AL 05\/07\/2024TIME: 9:30h-14h. I CONFERENCE ON DIGITAL HUMANITIES (UAM) DATES: 09\/01\/2024 AL 10\/01\/2024TIME: 9:30h-14h. \u00a0 DOCENCIA E INVESTIGACI\u00d3N LING\u00dc\u00cdSTICA EN LA ERA DE LA &#8230; <a title=\"News\" class=\"read-more\" href=\"https:\/\/www.lllf.uam.es\/wordpress\/en\/news\/\" aria-label=\"Read more about News\">Read more<\/a><\/p>\n","protected":false},"author":2,"featured_media":0,"parent":0,"menu_order":0,"comment_status":"closed","ping_status":"closed","template":"elementor_header_footer","meta":{"footnotes":""},"class_list":["post-641","page","type-page","status-publish"],"_links":{"self":[{"href":"https:\/\/www.lllf.uam.es\/wordpress\/wp-json\/wp\/v2\/pages\/641","targetHints":{"allow":["GET"]}}],"collection":[{"href":"https:\/\/www.lllf.uam.es\/wordpress\/wp-json\/wp\/v2\/pages"}],"about":[{"href":"https:\/\/www.lllf.uam.es\/wordpress\/wp-json\/wp\/v2\/types\/page"}],"author":[{"embeddable":true,"href":"https:\/\/www.lllf.uam.es\/wordpress\/wp-json\/wp\/v2\/users\/2"}],"replies":[{"embeddable":true,"href":"https:\/\/www.lllf.uam.es\/wordpress\/wp-json\/wp\/v2\/comments?post=641"}],"version-history":[{"count":12,"href":"https:\/\/www.lllf.uam.es\/wordpress\/wp-json\/wp\/v2\/pages\/641\/revisions"}],"predecessor-version":[{"id":1109,"href":"https:\/\/www.lllf.uam.es\/wordpress\/wp-json\/wp\/v2\/pages\/641\/revisions\/1109"}],"wp:attachment":[{"href":"https:\/\/www.lllf.uam.es\/wordpress\/wp-json\/wp\/v2\/media?parent=641"}],"curies":[{"name":"wp","href":"https:\/\/api.w.org\/{rel}","templated":true}]}}